{"id":39,"date":"2023-05-19T07:06:27","date_gmt":"2023-05-19T07:06:27","guid":{"rendered":"https:\/\/egea.ee\/wordpress\/?page_id=39"},"modified":"2023-07-28T15:13:42","modified_gmt":"2023-07-28T12:13:42","slug":"keskkonnanadal","status":"publish","type":"page","link":"https:\/\/egea.ee\/wordpress\/meie-tegevused\/keskkonnanadal\/","title":{"rendered":"Keskkonnan\u00e4dal"},"content":{"rendered":"\t\t<div data-elementor-type=\"wp-page\" data-elementor-id=\"39\" class=\"elementor elementor-39\" data-elementor-post-type=\"page\">\n\t\t\t\t\t\t<section class=\"elementor-section elementor-top-section elementor-element elementor-element-7a00baf elementor-section-boxed elementor-section-height-default elementor-section-height-default\" data-id=\"7a00baf\" data-element_type=\"section\">\n\t\t\t\t\t\t<div class=\"elementor-container elementor-column-gap-default\">\n\t\t\t\t\t<div class=\"elementor-column elementor-col-100 elementor-top-column elementor-element elementor-element-13f883f\" data-id=\"13f883f\" data-element_type=\"column\">\n\t\t\t<div class=\"elementor-widget-wrap\">\n\t\t\t\t\t\t\t<\/div>\n\t\t<\/div>\n\t\t\t\t\t<\/div>\n\t\t<\/section>\n\t\t\t\t<section class=\"elementor-section elementor-top-section elementor-element elementor-element-93e7f11 elementor-hidden-desktop elementor-hidden-tablet elementor-section-boxed elementor-section-height-default elementor-section-height-default\" data-id=\"93e7f11\" data-element_type=\"section\" data-settings=\"{&quot;background_background&quot;:&quot;classic&quot;}\">\n\t\t\t\t\t\t<div class=\"elementor-container elementor-column-gap-default\">\n\t\t\t\t\t<div class=\"elementor-column elementor-col-100 elementor-top-column elementor-element elementor-element-68fcf7e\" data-id=\"68fcf7e\" data-element_type=\"column\">\n\t\t\t<div class=\"elementor-widget-wrap elementor-element-populated\">\n\t\t\t\t\t\t<div class=\"elementor-element elementor-element-b0583b6 elementor-widget elementor-widget-heading\" data-id=\"b0583b6\" data-element_type=\"widget\" data-widget_type=\"heading.default\">\n\t\t\t\t<div class=\"elementor-widget-container\">\n\t\t\t<style>\/*! elementor - v3.23.0 - 05-08-2024 *\/\n.elementor-heading-title{padding:0;margin:0;line-height:1}.elementor-widget-heading .elementor-heading-title[class*=elementor-size-]>a{color:inherit;font-size:inherit;line-height:inherit}.elementor-widget-heading .elementor-heading-title.elementor-size-small{font-size:15px}.elementor-widget-heading .elementor-heading-title.elementor-size-medium{font-size:19px}.elementor-widget-heading .elementor-heading-title.elementor-size-large{font-size:29px}.elementor-widget-heading .elementor-heading-title.elementor-size-xl{font-size:39px}.elementor-widget-heading .elementor-heading-title.elementor-size-xxl{font-size:59px}<\/style><h3 class=\"elementor-heading-title elementor-size-default\">Keskkonnan\u00e4dal 2021<\/h3>\t\t<\/div>\n\t\t\t\t<\/div>\n\t\t\t\t\t<\/div>\n\t\t<\/div>\n\t\t\t\t\t<\/div>\n\t\t<\/section>\n\t\t\t\t<section class=\"elementor-section elementor-top-section elementor-element elementor-element-55a50e9 elementor-hidden-mobile elementor-section-boxed elementor-section-height-default elementor-section-height-default\" data-id=\"55a50e9\" data-element_type=\"section\" data-settings=\"{&quot;background_background&quot;:&quot;classic&quot;}\">\n\t\t\t\t\t\t<div class=\"elementor-container elementor-column-gap-default\">\n\t\t\t\t\t<div class=\"elementor-column elementor-col-33 elementor-top-column elementor-element elementor-element-433b386\" data-id=\"433b386\" data-element_type=\"column\">\n\t\t\t<div class=\"elementor-widget-wrap elementor-element-populated\">\n\t\t\t\t\t\t<div class=\"elementor-element elementor-element-72748ac elementor-absolute elementor-widget elementor-widget-text-editor\" data-id=\"72748ac\" data-element_type=\"widget\" data-settings=\"{&quot;_position&quot;:&quot;absolute&quot;}\" data-widget_type=\"text-editor.default\">\n\t\t\t\t<div class=\"elementor-widget-container\">\n\t\t\t<style>\/*! elementor - v3.23.0 - 05-08-2024 *\/\n.elementor-widget-text-editor.elementor-drop-cap-view-stacked .elementor-drop-cap{background-color:#69727d;color:#fff}.elementor-widget-text-editor.elementor-drop-cap-view-framed .elementor-drop-cap{color:#69727d;border:3px solid;background-color:transparent}.elementor-widget-text-editor:not(.elementor-drop-cap-view-default) .elementor-drop-cap{margin-top:8px}.elementor-widget-text-editor:not(.elementor-drop-cap-view-default) .elementor-drop-cap-letter{width:1em;height:1em}.elementor-widget-text-editor .elementor-drop-cap{float:left;text-align:center;line-height:1;font-size:50px}.elementor-widget-text-editor .elementor-drop-cap-letter{display:inline-block}<\/style>\t\t\t\t<h5 class=\"elementor-heading-title elementor-size-medium\"><a href=\"https:\/\/egea.ee\/wordpress\/wordpress\/meie-tegevused\/\"><span style=\"color: #ffffff;\">&lt; Meie tegevused<\/span><\/a><\/h5>\t\t\t\t\t\t<\/div>\n\t\t\t\t<\/div>\n\t\t\t\t\t<\/div>\n\t\t<\/div>\n\t\t\t\t<div class=\"elementor-column elementor-col-33 elementor-top-column elementor-element elementor-element-9aaaf95\" data-id=\"9aaaf95\" data-element_type=\"column\">\n\t\t\t<div class=\"elementor-widget-wrap elementor-element-populated\">\n\t\t\t\t\t\t<div class=\"elementor-element elementor-element-71b9493 elementor-widget elementor-widget-heading\" data-id=\"71b9493\" data-element_type=\"widget\" data-widget_type=\"heading.default\">\n\t\t\t\t<div class=\"elementor-widget-container\">\n\t\t\t<h3 class=\"elementor-heading-title elementor-size-default\">Keskkonnan\u00e4dal 2021<\/h3>\t\t<\/div>\n\t\t\t\t<\/div>\n\t\t\t\t\t<\/div>\n\t\t<\/div>\n\t\t\t\t<div class=\"elementor-column elementor-col-33 elementor-top-column elementor-element elementor-element-40878d5\" data-id=\"40878d5\" data-element_type=\"column\">\n\t\t\t<div class=\"elementor-widget-wrap\">\n\t\t\t\t\t\t\t<\/div>\n\t\t<\/div>\n\t\t\t\t\t<\/div>\n\t\t<\/section>\n\t\t\t\t<section class=\"elementor-section elementor-top-section elementor-element elementor-element-deb87cd elementor-section-boxed elementor-section-height-default elementor-section-height-default\" data-id=\"deb87cd\" data-element_type=\"section\">\n\t\t\t\t\t\t<div class=\"elementor-container elementor-column-gap-default\">\n\t\t\t\t\t<div class=\"elementor-column elementor-col-100 elementor-top-column elementor-element elementor-element-44398b8\" data-id=\"44398b8\" data-element_type=\"column\">\n\t\t\t<div class=\"elementor-widget-wrap elementor-element-populated\">\n\t\t\t\t\t\t<div class=\"elementor-element elementor-element-08b0f4c elementor-widget elementor-widget-spacer\" data-id=\"08b0f4c\" data-element_type=\"widget\" data-widget_type=\"spacer.default\">\n\t\t\t\t<div class=\"elementor-widget-container\">\n\t\t\t<style>\/*! elementor - v3.23.0 - 05-08-2024 *\/\n.elementor-column .elementor-spacer-inner{height:var(--spacer-size)}.e-con{--container-widget-width:100%}.e-con-inner>.elementor-widget-spacer,.e-con>.elementor-widget-spacer{width:var(--container-widget-width,var(--spacer-size));--align-self:var(--container-widget-align-self,initial);--flex-shrink:0}.e-con-inner>.elementor-widget-spacer>.elementor-widget-container,.e-con>.elementor-widget-spacer>.elementor-widget-container{height:100%;width:100%}.e-con-inner>.elementor-widget-spacer>.elementor-widget-container>.elementor-spacer,.e-con>.elementor-widget-spacer>.elementor-widget-container>.elementor-spacer{height:100%}.e-con-inner>.elementor-widget-spacer>.elementor-widget-container>.elementor-spacer>.elementor-spacer-inner,.e-con>.elementor-widget-spacer>.elementor-widget-container>.elementor-spacer>.elementor-spacer-inner{height:var(--container-widget-height,var(--spacer-size))}.e-con-inner>.elementor-widget-spacer.elementor-widget-empty,.e-con>.elementor-widget-spacer.elementor-widget-empty{position:relative;min-height:22px;min-width:22px}.e-con-inner>.elementor-widget-spacer.elementor-widget-empty .elementor-widget-empty-icon,.e-con>.elementor-widget-spacer.elementor-widget-empty .elementor-widget-empty-icon{position:absolute;top:0;bottom:0;left:0;right:0;margin:auto;padding:0;width:22px;height:22px}<\/style>\t\t<div class=\"elementor-spacer\">\n\t\t\t<div class=\"elementor-spacer-inner\"><\/div>\n\t\t<\/div>\n\t\t\t\t<\/div>\n\t\t\t\t<\/div>\n\t\t\t\t\t<\/div>\n\t\t<\/div>\n\t\t\t\t\t<\/div>\n\t\t<\/section>\n\t\t\t\t<section class=\"elementor-section elementor-top-section elementor-element elementor-element-52ecffd elementor-section-boxed elementor-section-height-default elementor-section-height-default\" data-id=\"52ecffd\" data-element_type=\"section\">\n\t\t\t\t\t\t<div class=\"elementor-container elementor-column-gap-default\">\n\t\t\t\t\t<div class=\"elementor-column elementor-col-100 elementor-top-column elementor-element elementor-element-e885c02\" data-id=\"e885c02\" data-element_type=\"column\">\n\t\t\t<div class=\"elementor-widget-wrap elementor-element-populated\">\n\t\t\t\t\t\t<div class=\"elementor-element elementor-element-9a9a19a elementor-widget elementor-widget-heading\" data-id=\"9a9a19a\" data-element_type=\"widget\" data-widget_type=\"heading.default\">\n\t\t\t\t<div class=\"elementor-widget-container\">\n\t\t\t<h5 class=\"elementor-heading-title elementor-size-default\">Siit leiad k\u00f5ik 19-23.aprill 2021.aasta Keskkonnan\u00e4dala v\u00e4ljakutse materjalid. <\/h5>\t\t<\/div>\n\t\t\t\t<\/div>\n\t\t\t\t\t<\/div>\n\t\t<\/div>\n\t\t\t\t\t<\/div>\n\t\t<\/section>\n\t\t\t\t<section class=\"elementor-section elementor-top-section elementor-element elementor-element-53d9967 elementor-section-boxed elementor-section-height-default elementor-section-height-default\" data-id=\"53d9967\" data-element_type=\"section\">\n\t\t\t\t\t\t<div class=\"elementor-container elementor-column-gap-default\">\n\t\t\t\t\t<div class=\"elementor-column elementor-col-33 elementor-top-column elementor-element elementor-element-308add4\" data-id=\"308add4\" data-element_type=\"column\">\n\t\t\t<div class=\"elementor-widget-wrap elementor-element-populated\">\n\t\t\t\t\t\t<div class=\"elementor-element elementor-element-7806130 elementor-widget elementor-widget-image\" data-id=\"7806130\" data-element_type=\"widget\" data-widget_type=\"image.default\">\n\t\t\t\t<div class=\"elementor-widget-container\">\n\t\t\t<style>\/*! elementor - v3.23.0 - 05-08-2024 *\/\n.elementor-widget-image{text-align:center}.elementor-widget-image a{display:inline-block}.elementor-widget-image a img[src$=\".svg\"]{width:48px}.elementor-widget-image img{vertical-align:middle;display:inline-block}<\/style>\t\t\t\t\t\t\t\t\t\t\t<a href=\"https:\/\/drive.google.com\/file\/d\/1tRWkL1dxPMK0CXjxwai3jFMGE4gzCzUe\/view?usp=sharing\" target=\"_blank\">\n\t\t\t\t\t\t\t<img fetchpriority=\"high\" decoding=\"async\" width=\"1024\" height=\"682\" src=\"https:\/\/egea.ee\/wordpress\/wp-content\/uploads\/2023\/05\/esimenepaev-1024x682.png\" class=\"attachment-large size-large wp-image-732\" alt=\"\" srcset=\"https:\/\/egea.ee\/wordpress\/wp-content\/uploads\/2023\/05\/esimenepaev-1024x682.png 1024w, https:\/\/egea.ee\/wordpress\/wp-content\/uploads\/2023\/05\/esimenepaev-300x200.png 300w, https:\/\/egea.ee\/wordpress\/wp-content\/uploads\/2023\/05\/esimenepaev-768x512.png 768w, https:\/\/egea.ee\/wordpress\/wp-content\/uploads\/2023\/05\/esimenepaev-1536x1023.png 1536w, https:\/\/egea.ee\/wordpress\/wp-content\/uploads\/2023\/05\/esimenepaev-2048x1364.png 2048w\" sizes=\"(max-width: 1024px) 100vw, 1024px\" \/>\t\t\t\t\t\t\t\t<\/a>\n\t\t\t\t\t\t\t\t\t\t\t\t\t<\/div>\n\t\t\t\t<\/div>\n\t\t\t\t\t<\/div>\n\t\t<\/div>\n\t\t\t\t<div class=\"elementor-column elementor-col-33 elementor-top-column elementor-element elementor-element-3570701\" data-id=\"3570701\" data-element_type=\"column\">\n\t\t\t<div class=\"elementor-widget-wrap elementor-element-populated\">\n\t\t\t\t\t\t<div class=\"elementor-element elementor-element-7f8886f elementor-widget elementor-widget-image\" data-id=\"7f8886f\" data-element_type=\"widget\" data-widget_type=\"image.default\">\n\t\t\t\t<div class=\"elementor-widget-container\">\n\t\t\t\t\t\t\t\t\t\t\t\t\t\t<a href=\"https:\/\/drive.google.com\/file\/d\/1Gj3cwtB8W9cF1YsJT9IBL1-V1LB7TSVl\/view?usp=sharing\" target=\"_blank\">\n\t\t\t\t\t\t\t<img decoding=\"async\" width=\"1024\" height=\"682\" src=\"https:\/\/egea.ee\/wordpress\/wp-content\/uploads\/2023\/05\/teinepaev-1024x682.png\" class=\"attachment-large size-large wp-image-733\" alt=\"\" srcset=\"https:\/\/egea.ee\/wordpress\/wp-content\/uploads\/2023\/05\/teinepaev-1024x682.png 1024w, https:\/\/egea.ee\/wordpress\/wp-content\/uploads\/2023\/05\/teinepaev-300x200.png 300w, https:\/\/egea.ee\/wordpress\/wp-content\/uploads\/2023\/05\/teinepaev-768x512.png 768w, https:\/\/egea.ee\/wordpress\/wp-content\/uploads\/2023\/05\/teinepaev-1536x1023.png 1536w, https:\/\/egea.ee\/wordpress\/wp-content\/uploads\/2023\/05\/teinepaev-2048x1364.png 2048w\" sizes=\"(max-width: 1024px) 100vw, 1024px\" \/>\t\t\t\t\t\t\t\t<\/a>\n\t\t\t\t\t\t\t\t\t\t\t\t\t<\/div>\n\t\t\t\t<\/div>\n\t\t\t\t\t<\/div>\n\t\t<\/div>\n\t\t\t\t<div class=\"elementor-column elementor-col-33 elementor-top-column elementor-element elementor-element-36bd1df\" data-id=\"36bd1df\" data-element_type=\"column\">\n\t\t\t<div class=\"elementor-widget-wrap elementor-element-populated\">\n\t\t\t\t\t\t<div class=\"elementor-element elementor-element-07eae8f elementor-widget elementor-widget-image\" data-id=\"07eae8f\" data-element_type=\"widget\" data-widget_type=\"image.default\">\n\t\t\t\t<div class=\"elementor-widget-container\">\n\t\t\t\t\t\t\t\t\t\t\t\t\t\t<a href=\"https:\/\/drive.google.com\/file\/d\/1S6-HJhtBLxmTklYuW6EImYHs-6CVB_GC\/view?usp=sharing\" target=\"_blank\">\n\t\t\t\t\t\t\t<img decoding=\"async\" width=\"1024\" height=\"682\" src=\"https:\/\/egea.ee\/wordpress\/wp-content\/uploads\/2023\/05\/kolmaspaev-1024x682.png\" class=\"attachment-large size-large wp-image-734\" alt=\"\" srcset=\"https:\/\/egea.ee\/wordpress\/wp-content\/uploads\/2023\/05\/kolmaspaev-1024x682.png 1024w, https:\/\/egea.ee\/wordpress\/wp-content\/uploads\/2023\/05\/kolmaspaev-300x200.png 300w, https:\/\/egea.ee\/wordpress\/wp-content\/uploads\/2023\/05\/kolmaspaev-768x512.png 768w, https:\/\/egea.ee\/wordpress\/wp-content\/uploads\/2023\/05\/kolmaspaev-1536x1023.png 1536w, https:\/\/egea.ee\/wordpress\/wp-content\/uploads\/2023\/05\/kolmaspaev-2048x1364.png 2048w\" sizes=\"(max-width: 1024px) 100vw, 1024px\" \/>\t\t\t\t\t\t\t\t<\/a>\n\t\t\t\t\t\t\t\t\t\t\t\t\t<\/div>\n\t\t\t\t<\/div>\n\t\t\t\t\t<\/div>\n\t\t<\/div>\n\t\t\t\t\t<\/div>\n\t\t<\/section>\n\t\t\t\t<section class=\"elementor-section elementor-top-section elementor-element elementor-element-6e6f4dc elementor-hidden-mobile elementor-section-boxed elementor-section-height-default elementor-section-height-default\" data-id=\"6e6f4dc\" data-element_type=\"section\">\n\t\t\t\t\t\t<div class=\"elementor-container elementor-column-gap-default\">\n\t\t\t\t\t<div class=\"elementor-column elementor-col-50 elementor-top-column elementor-element elementor-element-aebb3d8\" data-id=\"aebb3d8\" data-element_type=\"column\">\n\t\t\t<div class=\"elementor-widget-wrap elementor-element-populated\">\n\t\t\t\t\t\t<div class=\"elementor-element elementor-element-49a9b21 elementor-widget__width-initial elementor-widget elementor-widget-image\" data-id=\"49a9b21\" data-element_type=\"widget\" data-widget_type=\"image.default\">\n\t\t\t\t<div class=\"elementor-widget-container\">\n\t\t\t\t\t\t\t\t\t\t\t\t\t\t<a href=\"https:\/\/drive.google.com\/file\/d\/12X8xTGC61JyNoSQny-TlaeXk4ldbEJXr\/view\" target=\"_blank\">\n\t\t\t\t\t\t\t<img decoding=\"async\" src=\"https:\/\/egea.ee\/wordpress\/wp-content\/uploads\/elementor\/thumbs\/neljaspaev-q6wb6tgtvm6dnrg12ohzxjlwh51ex1qr0lmp3rosd6.png\" title=\"neljaspaev\" alt=\"neljaspaev\" loading=\"lazy\" \/>\t\t\t\t\t\t\t\t<\/a>\n\t\t\t\t\t\t\t\t\t\t\t\t\t<\/div>\n\t\t\t\t<\/div>\n\t\t\t\t\t<\/div>\n\t\t<\/div>\n\t\t\t\t<div class=\"elementor-column elementor-col-50 elementor-top-column elementor-element elementor-element-9052e29\" data-id=\"9052e29\" data-element_type=\"column\">\n\t\t\t<div class=\"elementor-widget-wrap elementor-element-populated\">\n\t\t\t\t\t\t<div class=\"elementor-element elementor-element-4982bed elementor-widget__width-initial elementor-widget elementor-widget-image\" data-id=\"4982bed\" data-element_type=\"widget\" data-widget_type=\"image.default\">\n\t\t\t\t<div class=\"elementor-widget-container\">\n\t\t\t\t\t\t\t\t\t\t\t\t\t\t<a href=\"https:\/\/drive.google.com\/file\/d\/1wUD5WNrOKecDr1_pv5P1DZ0X4nYxBZwk\/view?usp=sharing\" target=\"_blank\">\n\t\t\t\t\t\t\t<img loading=\"lazy\" decoding=\"async\" width=\"1024\" height=\"682\" src=\"https:\/\/egea.ee\/wordpress\/wp-content\/uploads\/2023\/05\/viiespaev-1024x682.png\" class=\"attachment-large size-large wp-image-736\" alt=\"\" srcset=\"https:\/\/egea.ee\/wordpress\/wp-content\/uploads\/2023\/05\/viiespaev-1024x682.png 1024w, https:\/\/egea.ee\/wordpress\/wp-content\/uploads\/2023\/05\/viiespaev-300x200.png 300w, https:\/\/egea.ee\/wordpress\/wp-content\/uploads\/2023\/05\/viiespaev-768x512.png 768w, https:\/\/egea.ee\/wordpress\/wp-content\/uploads\/2023\/05\/viiespaev-1536x1023.png 1536w, https:\/\/egea.ee\/wordpress\/wp-content\/uploads\/2023\/05\/viiespaev-2048x1364.png 2048w\" sizes=\"(max-width: 1024px) 100vw, 1024px\" \/>\t\t\t\t\t\t\t\t<\/a>\n\t\t\t\t\t\t\t\t\t\t\t\t\t<\/div>\n\t\t\t\t<\/div>\n\t\t\t\t\t<\/div>\n\t\t<\/div>\n\t\t\t\t\t<\/div>\n\t\t<\/section>\n\t\t\t\t<section class=\"elementor-section elementor-top-section elementor-element elementor-element-6c68fb2 elementor-hidden-desktop elementor-hidden-tablet elementor-section-boxed elementor-section-height-default elementor-section-height-default\" data-id=\"6c68fb2\" data-element_type=\"section\">\n\t\t\t\t\t\t<div class=\"elementor-container elementor-column-gap-default\">\n\t\t\t\t\t<div class=\"elementor-column elementor-col-50 elementor-top-column elementor-element elementor-element-00143ef\" data-id=\"00143ef\" data-element_type=\"column\">\n\t\t\t<div class=\"elementor-widget-wrap elementor-element-populated\">\n\t\t\t\t\t\t<div class=\"elementor-element elementor-element-ce95894 elementor-widget elementor-widget-image\" data-id=\"ce95894\" data-element_type=\"widget\" data-widget_type=\"image.default\">\n\t\t\t\t<div class=\"elementor-widget-container\">\n\t\t\t\t\t\t\t\t\t\t\t\t\t\t<a href=\"https:\/\/drive.google.com\/file\/d\/12X8xTGC61JyNoSQny-TlaeXk4ldbEJXr\/view\" target=\"_blank\">\n\t\t\t\t\t\t\t<img loading=\"lazy\" decoding=\"async\" width=\"1024\" height=\"682\" src=\"https:\/\/egea.ee\/wordpress\/wp-content\/uploads\/2023\/05\/neljaspaev-1024x682.png\" class=\"attachment-large size-large wp-image-735\" alt=\"\" srcset=\"https:\/\/egea.ee\/wordpress\/wp-content\/uploads\/2023\/05\/neljaspaev-1024x682.png 1024w, https:\/\/egea.ee\/wordpress\/wp-content\/uploads\/2023\/05\/neljaspaev-300x200.png 300w, https:\/\/egea.ee\/wordpress\/wp-content\/uploads\/2023\/05\/neljaspaev-768x512.png 768w, https:\/\/egea.ee\/wordpress\/wp-content\/uploads\/2023\/05\/neljaspaev-1536x1023.png 1536w, https:\/\/egea.ee\/wordpress\/wp-content\/uploads\/2023\/05\/neljaspaev-2048x1364.png 2048w\" sizes=\"(max-width: 1024px) 100vw, 1024px\" \/>\t\t\t\t\t\t\t\t<\/a>\n\t\t\t\t\t\t\t\t\t\t\t\t\t<\/div>\n\t\t\t\t<\/div>\n\t\t\t\t\t<\/div>\n\t\t<\/div>\n\t\t\t\t<div class=\"elementor-column elementor-col-50 elementor-top-column elementor-element elementor-element-bccd14a\" data-id=\"bccd14a\" data-element_type=\"column\">\n\t\t\t<div class=\"elementor-widget-wrap elementor-element-populated\">\n\t\t\t\t\t\t<div class=\"elementor-element elementor-element-68f5ed8 elementor-widget elementor-widget-image\" data-id=\"68f5ed8\" data-element_type=\"widget\" data-widget_type=\"image.default\">\n\t\t\t\t<div class=\"elementor-widget-container\">\n\t\t\t\t\t\t\t\t\t\t\t\t\t\t<a href=\"https:\/\/drive.google.com\/file\/d\/1wUD5WNrOKecDr1_pv5P1DZ0X4nYxBZwk\/view?usp=sharing\" target=\"_blank\">\n\t\t\t\t\t\t\t<img loading=\"lazy\" decoding=\"async\" width=\"1024\" height=\"682\" src=\"https:\/\/egea.ee\/wordpress\/wp-content\/uploads\/2023\/05\/viiespaev-1024x682.png\" class=\"attachment-large size-large wp-image-736\" alt=\"\" srcset=\"https:\/\/egea.ee\/wordpress\/wp-content\/uploads\/2023\/05\/viiespaev-1024x682.png 1024w, https:\/\/egea.ee\/wordpress\/wp-content\/uploads\/2023\/05\/viiespaev-300x200.png 300w, https:\/\/egea.ee\/wordpress\/wp-content\/uploads\/2023\/05\/viiespaev-768x512.png 768w, https:\/\/egea.ee\/wordpress\/wp-content\/uploads\/2023\/05\/viiespaev-1536x1023.png 1536w, https:\/\/egea.ee\/wordpress\/wp-content\/uploads\/2023\/05\/viiespaev-2048x1364.png 2048w\" sizes=\"(max-width: 1024px) 100vw, 1024px\" \/>\t\t\t\t\t\t\t\t<\/a>\n\t\t\t\t\t\t\t\t\t\t\t\t\t<\/div>\n\t\t\t\t<\/div>\n\t\t\t\t\t<\/div>\n\t\t<\/div>\n\t\t\t\t\t<\/div>\n\t\t<\/section>\n\t\t\t\t<section class=\"elementor-section elementor-top-section elementor-element elementor-element-e709afe elementor-section-boxed elementor-section-height-default elementor-section-height-default\" data-id=\"e709afe\" data-element_type=\"section\">\n\t\t\t\t\t\t<div class=\"elementor-container elementor-column-gap-default\">\n\t\t\t\t\t<div class=\"elementor-column elementor-col-100 elementor-top-column elementor-element elementor-element-0aeecaa\" data-id=\"0aeecaa\" data-element_type=\"column\">\n\t\t\t<div class=\"elementor-widget-wrap elementor-element-populated\">\n\t\t\t\t\t\t<div class=\"elementor-element elementor-element-78013c7 elementor-widget elementor-widget-spacer\" data-id=\"78013c7\" data-element_type=\"widget\" data-widget_type=\"spacer.default\">\n\t\t\t\t<div class=\"elementor-widget-container\">\n\t\t\t\t\t<div class=\"elementor-spacer\">\n\t\t\t<div class=\"elementor-spacer-inner\"><\/div>\n\t\t<\/div>\n\t\t\t\t<\/div>\n\t\t\t\t<\/div>\n\t\t\t\t\t<\/div>\n\t\t<\/div>\n\t\t\t\t\t<\/div>\n\t\t<\/section>\n\t\t\t\t<\/div>\n\t\t","protected":false},"excerpt":{"rendered":"<p>Keskkonnan\u00e4dal 2021 &lt; Meie tegevused Keskkonnan\u00e4dal 2021 Siit leiad k\u00f5ik 19-23.aprill 2021.aasta Keskkonnan\u00e4dala v\u00e4ljakutse materjalid.<\/p>\n","protected":false},"author":2,"featured_media":3680,"parent":12,"menu_order":0,"comment_status":"closed","ping_status":"closed","template":"","meta":{"site-sidebar-layout":"no-sidebar","site-content-layout":"page-builder","ast-site-content-layout":"","site-content-style":"default","site-sidebar-style":"default","ast-global-header-display":"","ast-banner-title-visibility":"","ast-main-header-display":"","ast-hfb-above-header-display":"","ast-hfb-below-header-display":"","ast-hfb-mobile-header-display":"","site-post-title":"disabled","ast-breadcrumbs-content":"","ast-featured-img":"disabled","footer-sml-layout":"","theme-transparent-header-meta":"default","adv-header-id-meta":"","stick-header-meta":"","header-above-stick-meta":"","header-main-stick-meta":"","header-below-stick-meta":"","astra-migrate-meta-layouts":"default","ast-page-background-enabled":"default","ast-page-background-meta":{"desktop":{"background-color":"var(--ast-global-color-4)","background-image":"","background-repeat":"repeat","background-position":"center center","background-size":"auto","background-attachment":"scroll","background-type":"","background-media":"","overlay-type":"","overlay-color":"","overlay-opacity":"","overlay-gradient":""},"tablet":{"background-color":"","background-image":"","background-repeat":"repeat","background-position":"center center","background-size":"auto","background-attachment":"scroll","background-type":"","background-media":"","overlay-type":"","overlay-color":"","overlay-opacity":"","overlay-gradient":""},"mobile":{"background-color":"","background-image":"","background-repeat":"repeat","background-position":"center center","background-size":"auto","background-attachment":"scroll","background-type":"","background-media":"","overlay-type":"","overlay-color":"","overlay-opacity":"","overlay-gradient":""}},"ast-content-background-meta":{"desktop":{"background-color":"var(--ast-global-color-5)","background-image":"","background-repeat":"repeat","background-position":"center center","background-size":"auto","background-attachment":"scroll","background-type":"","background-media":"","overlay-type":"","overlay-color":"","overlay-opacity":"","overlay-gradient":""},"tablet":{"background-color":"var(--ast-global-color-5)","background-image":"","background-repeat":"repeat","background-position":"center center","background-size":"auto","background-attachment":"scroll","background-type":"","background-media":"","overlay-type":"","overlay-color":"","overlay-opacity":"","overlay-gradient":""},"mobile":{"background-color":"var(--ast-global-color-5)","background-image":"","background-repeat":"repeat","background-position":"center center","background-size":"auto","background-attachment":"scroll","background-type":"","background-media":"","overlay-type":"","overlay-color":"","overlay-opacity":"","overlay-gradient":""}},"footnotes":""},"class_list":["post-39","page","type-page","status-publish","has-post-thumbnail","hentry"],"_links":{"self":[{"href":"https:\/\/egea.ee\/wordpress\/wp-json\/wp\/v2\/pages\/39","targetHints":{"allow":["GET"]}}],"collection":[{"href":"https:\/\/egea.ee\/wordpress\/wp-json\/wp\/v2\/pages"}],"about":[{"href":"https:\/\/egea.ee\/wordpress\/wp-json\/wp\/v2\/types\/page"}],"author":[{"embeddable":true,"href":"https:\/\/egea.ee\/wordpress\/wp-json\/wp\/v2\/users\/2"}],"replies":[{"embeddable":true,"href":"https:\/\/egea.ee\/wordpress\/wp-json\/wp\/v2\/comments?post=39"}],"version-history":[{"count":4,"href":"https:\/\/egea.ee\/wordpress\/wp-json\/wp\/v2\/pages\/39\/revisions"}],"predecessor-version":[{"id":3944,"href":"https:\/\/egea.ee\/wordpress\/wp-json\/wp\/v2\/pages\/39\/revisions\/3944"}],"up":[{"embeddable":true,"href":"https:\/\/egea.ee\/wordpress\/wp-json\/wp\/v2\/pages\/12"}],"wp:featuredmedia":[{"embeddable":true,"href":"https:\/\/egea.ee\/wordpress\/wp-json\/wp\/v2\/media\/3680"}],"wp:attachment":[{"href":"https:\/\/egea.ee\/wordpress\/wp-json\/wp\/v2\/media?parent=39"}],"curies":[{"name":"wp","href":"https:\/\/api.w.org\/{rel}","templated":true}]}}