{"id":431,"date":"2023-05-22T10:48:50","date_gmt":"2023-05-22T10:48:50","guid":{"rendered":"https:\/\/egea.ee\/wordpress\/?page_id=431"},"modified":"2023-07-28T15:54:13","modified_gmt":"2023-07-28T12:54:13","slug":"lahe-geograafiatund-2020","status":"publish","type":"page","link":"https:\/\/egea.ee\/wordpress\/lahe-geograafiatund-2020\/","title":{"rendered":"Lahe geograafiatund 2020"},"content":{"rendered":"\t\t<div data-elementor-type=\"wp-page\" data-elementor-id=\"431\" class=\"elementor elementor-431\" data-elementor-post-type=\"page\">\n\t\t\t\t\t\t<section class=\"elementor-section elementor-top-section elementor-element elementor-element-73c89b7 elementor-hidden-desktop elementor-hidden-tablet elementor-section-boxed elementor-section-height-default elementor-section-height-default\" data-id=\"73c89b7\" data-element_type=\"section\" data-settings=\"{&quot;background_background&quot;:&quot;classic&quot;}\">\n\t\t\t\t\t\t<div class=\"elementor-container elementor-column-gap-default\">\n\t\t\t\t\t<div class=\"elementor-column elementor-col-100 elementor-top-column elementor-element elementor-element-6891ee2\" data-id=\"6891ee2\" data-element_type=\"column\">\n\t\t\t<div class=\"elementor-widget-wrap elementor-element-populated\">\n\t\t\t\t\t\t<div class=\"elementor-element elementor-element-05fb483 elementor-widget elementor-widget-heading\" data-id=\"05fb483\" data-element_type=\"widget\" data-widget_type=\"heading.default\">\n\t\t\t\t<div class=\"elementor-widget-container\">\n\t\t\t<style>\/*! elementor - v3.23.0 - 05-08-2024 *\/\n.elementor-heading-title{padding:0;margin:0;line-height:1}.elementor-widget-heading .elementor-heading-title[class*=elementor-size-]>a{color:inherit;font-size:inherit;line-height:inherit}.elementor-widget-heading .elementor-heading-title.elementor-size-small{font-size:15px}.elementor-widget-heading .elementor-heading-title.elementor-size-medium{font-size:19px}.elementor-widget-heading .elementor-heading-title.elementor-size-large{font-size:29px}.elementor-widget-heading .elementor-heading-title.elementor-size-xl{font-size:39px}.elementor-widget-heading .elementor-heading-title.elementor-size-xxl{font-size:59px}<\/style><h3 class=\"elementor-heading-title elementor-size-default\">Lahe geograafiatund 2020<\/h3>\t\t<\/div>\n\t\t\t\t<\/div>\n\t\t\t\t\t<\/div>\n\t\t<\/div>\n\t\t\t\t\t<\/div>\n\t\t<\/section>\n\t\t\t\t<section class=\"elementor-section elementor-top-section elementor-element elementor-element-6b7132e elementor-hidden-mobile elementor-section-boxed elementor-section-height-default elementor-section-height-default\" data-id=\"6b7132e\" data-element_type=\"section\" data-settings=\"{&quot;background_background&quot;:&quot;classic&quot;}\">\n\t\t\t\t\t\t<div class=\"elementor-container elementor-column-gap-default\">\n\t\t\t\t\t<div class=\"elementor-column elementor-col-33 elementor-top-column elementor-element elementor-element-eb4ed8e\" data-id=\"eb4ed8e\" data-element_type=\"column\">\n\t\t\t<div class=\"elementor-widget-wrap elementor-element-populated\">\n\t\t\t\t\t\t<div class=\"elementor-element elementor-element-627c3fc elementor-absolute elementor-widget elementor-widget-text-editor\" data-id=\"627c3fc\" data-element_type=\"widget\" data-settings=\"{&quot;_position&quot;:&quot;absolute&quot;}\" data-widget_type=\"text-editor.default\">\n\t\t\t\t<div class=\"elementor-widget-container\">\n\t\t\t<style>\/*! elementor - v3.23.0 - 05-08-2024 *\/\n.elementor-widget-text-editor.elementor-drop-cap-view-stacked .elementor-drop-cap{background-color:#69727d;color:#fff}.elementor-widget-text-editor.elementor-drop-cap-view-framed .elementor-drop-cap{color:#69727d;border:3px solid;background-color:transparent}.elementor-widget-text-editor:not(.elementor-drop-cap-view-default) .elementor-drop-cap{margin-top:8px}.elementor-widget-text-editor:not(.elementor-drop-cap-view-default) .elementor-drop-cap-letter{width:1em;height:1em}.elementor-widget-text-editor .elementor-drop-cap{float:left;text-align:center;line-height:1;font-size:50px}.elementor-widget-text-editor .elementor-drop-cap-letter{display:inline-block}<\/style>\t\t\t\t<h5 class=\"elementor-heading-title elementor-size-medium\"><a href=\"https:\/\/egea.ee\/wordpress\/wordpress\/meie-tegevused\/lahe-geograafiatund\/\"><span style=\"color: #ffffff;\">&lt; Lahe geograafiatund<\/span><\/a><\/h5>\t\t\t\t\t\t<\/div>\n\t\t\t\t<\/div>\n\t\t\t\t\t<\/div>\n\t\t<\/div>\n\t\t\t\t<div class=\"elementor-column elementor-col-33 elementor-top-column elementor-element elementor-element-75c08bf\" data-id=\"75c08bf\" data-element_type=\"column\">\n\t\t\t<div class=\"elementor-widget-wrap elementor-element-populated\">\n\t\t\t\t\t\t<div class=\"elementor-element elementor-element-469f6ca elementor-widget elementor-widget-heading\" data-id=\"469f6ca\" data-element_type=\"widget\" data-widget_type=\"heading.default\">\n\t\t\t\t<div class=\"elementor-widget-container\">\n\t\t\t<h3 class=\"elementor-heading-title elementor-size-default\">Lahe geograafiatund 2020<\/h3>\t\t<\/div>\n\t\t\t\t<\/div>\n\t\t\t\t\t<\/div>\n\t\t<\/div>\n\t\t\t\t<div class=\"elementor-column elementor-col-33 elementor-top-column elementor-element elementor-element-b0df110\" data-id=\"b0df110\" data-element_type=\"column\">\n\t\t\t<div class=\"elementor-widget-wrap\">\n\t\t\t\t\t\t\t<\/div>\n\t\t<\/div>\n\t\t\t\t\t<\/div>\n\t\t<\/section>\n\t\t\t\t<section class=\"elementor-section elementor-top-section elementor-element elementor-element-afd1f5a elementor-section-boxed elementor-section-height-default elementor-section-height-default\" data-id=\"afd1f5a\" data-element_type=\"section\">\n\t\t\t\t\t\t<div class=\"elementor-container elementor-column-gap-default\">\n\t\t\t\t\t<div class=\"elementor-column elementor-col-100 elementor-top-column elementor-element elementor-element-f831e23\" data-id=\"f831e23\" data-element_type=\"column\">\n\t\t\t<div class=\"elementor-widget-wrap elementor-element-populated\">\n\t\t\t\t\t\t<div class=\"elementor-element elementor-element-9cf099b elementor-widget elementor-widget-spacer\" data-id=\"9cf099b\" data-element_type=\"widget\" data-widget_type=\"spacer.default\">\n\t\t\t\t<div class=\"elementor-widget-container\">\n\t\t\t<style>\/*! elementor - v3.23.0 - 05-08-2024 *\/\n.elementor-column .elementor-spacer-inner{height:var(--spacer-size)}.e-con{--container-widget-width:100%}.e-con-inner>.elementor-widget-spacer,.e-con>.elementor-widget-spacer{width:var(--container-widget-width,var(--spacer-size));--align-self:var(--container-widget-align-self,initial);--flex-shrink:0}.e-con-inner>.elementor-widget-spacer>.elementor-widget-container,.e-con>.elementor-widget-spacer>.elementor-widget-container{height:100%;width:100%}.e-con-inner>.elementor-widget-spacer>.elementor-widget-container>.elementor-spacer,.e-con>.elementor-widget-spacer>.elementor-widget-container>.elementor-spacer{height:100%}.e-con-inner>.elementor-widget-spacer>.elementor-widget-container>.elementor-spacer>.elementor-spacer-inner,.e-con>.elementor-widget-spacer>.elementor-widget-container>.elementor-spacer>.elementor-spacer-inner{height:var(--container-widget-height,var(--spacer-size))}.e-con-inner>.elementor-widget-spacer.elementor-widget-empty,.e-con>.elementor-widget-spacer.elementor-widget-empty{position:relative;min-height:22px;min-width:22px}.e-con-inner>.elementor-widget-spacer.elementor-widget-empty .elementor-widget-empty-icon,.e-con>.elementor-widget-spacer.elementor-widget-empty .elementor-widget-empty-icon{position:absolute;top:0;bottom:0;left:0;right:0;margin:auto;padding:0;width:22px;height:22px}<\/style>\t\t<div class=\"elementor-spacer\">\n\t\t\t<div class=\"elementor-spacer-inner\"><\/div>\n\t\t<\/div>\n\t\t\t\t<\/div>\n\t\t\t\t<\/div>\n\t\t\t\t\t<\/div>\n\t\t<\/div>\n\t\t\t\t\t<\/div>\n\t\t<\/section>\n\t\t\t\t<section class=\"elementor-section elementor-top-section elementor-element elementor-element-eb89c86 elementor-section-boxed elementor-section-height-default elementor-section-height-default\" data-id=\"eb89c86\" data-element_type=\"section\">\n\t\t\t\t\t\t<div class=\"elementor-container elementor-column-gap-default\">\n\t\t\t\t\t<div class=\"elementor-column elementor-col-100 elementor-top-column elementor-element elementor-element-ffc295e\" data-id=\"ffc295e\" data-element_type=\"column\">\n\t\t\t<div class=\"elementor-widget-wrap elementor-element-populated\">\n\t\t\t\t\t\t<div class=\"elementor-element elementor-element-8a2205d elementor-widget elementor-widget-text-editor\" data-id=\"8a2205d\" data-element_type=\"widget\" data-widget_type=\"text-editor.default\">\n\t\t\t\t<div class=\"elementor-widget-container\">\n\t\t\t\t\t\t\t<p style=\"box-sizing: inherit; border: 0px; font-size: 16px; font-style: normal; font-weight: 400; margin: 0px 0px 1.5em; outline: 0px; padding: 0px; vertical-align: baseline; font-variant-ligatures: normal; font-variant-caps: normal; letter-spacing: normal; orphans: 2; text-align: start; text-indent: 0px; text-transform: none; white-space: normal; widows: 2; word-spacing: 0px; -webkit-text-stroke-width: 0px; background-color: #ffffff; text-decoration-thickness: initial; text-decoration-style: initial; text-decoration-color: initial; color: #333333; font-family: 'Libre Franklin', 'Helvetica Neue', helvetica, arial, sans-serif;\">\u00a0<\/p><p style=\"box-sizing: inherit; border: 0px; font-size: 16px; font-style: normal; font-weight: 400; margin: 0px 0px 1.5em; outline: 0px; padding: 0px; vertical-align: baseline; font-variant-ligatures: normal; font-variant-caps: normal; letter-spacing: normal; orphans: 2; text-align: start; text-indent: 0px; text-transform: none; white-space: normal; widows: 2; word-spacing: 0px; -webkit-text-stroke-width: 0px; background-color: #ffffff; text-decoration-thickness: initial; text-decoration-style: initial; text-decoration-color: initial; color: #333333; font-family: 'Libre Franklin', 'Helvetica Neue', helvetica, arial, sans-serif;\">2020. aastal p\u00e4lvis Lahe geograafiatund Eesti teaduse populariseerimise peapreemia kategoorias\u00a0<a style=\"box-sizing: inherit; background-color: transparent; text-decoration: none; color: #222222; transition: color 80ms ease-in 0s, box-shadow 130ms ease-in-out 0s, -webkit-box-shadow 130ms ease-in-out 0s; box-shadow: #0f0f0f 0px -1px 0px inset; font-family: Poppins, sans-serif;\" href=\"https:\/\/www.etag.ee\/tegevused\/konkursid\/eesti-teaduse-populariseerimise-auhind\/varasemad-konkursid\/\">\u201ctegevused\/tegevuste sarjad\u201d!<\/a><\/p>\t\t\t\t\t\t<\/div>\n\t\t\t\t<\/div>\n\t\t\t\t\t<\/div>\n\t\t<\/div>\n\t\t\t\t\t<\/div>\n\t\t<\/section>\n\t\t\t\t<section class=\"elementor-section elementor-top-section elementor-element elementor-element-95604cc elementor-section-boxed elementor-section-height-default elementor-section-height-default\" data-id=\"95604cc\" data-element_type=\"section\">\n\t\t\t\t\t\t<div class=\"elementor-container elementor-column-gap-default\">\n\t\t\t\t\t<div class=\"elementor-column elementor-col-100 elementor-top-column elementor-element elementor-element-1243e7a\" data-id=\"1243e7a\" data-element_type=\"column\">\n\t\t\t<div class=\"elementor-widget-wrap elementor-element-populated\">\n\t\t\t\t\t\t<div class=\"elementor-element elementor-element-3c760c1 elementor-widget elementor-widget-image\" data-id=\"3c760c1\" data-element_type=\"widget\" data-widget_type=\"image.default\">\n\t\t\t\t<div class=\"elementor-widget-container\">\n\t\t\t<style>\/*! elementor - v3.23.0 - 05-08-2024 *\/\n.elementor-widget-image{text-align:center}.elementor-widget-image a{display:inline-block}.elementor-widget-image a img[src$=\".svg\"]{width:48px}.elementor-widget-image img{vertical-align:middle;display:inline-block}<\/style>\t\t\t\t\t\t\t\t\t\t<img fetchpriority=\"high\" decoding=\"async\" width=\"400\" height=\"176\" src=\"https:\/\/egea.ee\/wordpress\/wp-content\/uploads\/2023\/07\/Valge_must_raamiga-2020.jpg\" class=\"attachment-large size-large wp-image-3991\" alt=\"\" srcset=\"https:\/\/egea.ee\/wordpress\/wp-content\/uploads\/2023\/07\/Valge_must_raamiga-2020.jpg 400w, https:\/\/egea.ee\/wordpress\/wp-content\/uploads\/2023\/07\/Valge_must_raamiga-2020-300x132.jpg 300w\" sizes=\"(max-width: 400px) 100vw, 400px\" \/>\t\t\t\t\t\t\t\t\t\t\t\t\t<\/div>\n\t\t\t\t<\/div>\n\t\t\t\t<div class=\"elementor-element elementor-element-5059a3a elementor-widget elementor-widget-text-editor\" data-id=\"5059a3a\" data-element_type=\"widget\" data-widget_type=\"text-editor.default\">\n\t\t\t\t<div class=\"elementor-widget-container\">\n\t\t\t\t\t\t\t<p>\u00a0<\/p><p style=\"box-sizing: inherit; margin-bottom: 1.5em; color: #333333; font-family: 'Libre Franklin', 'Helvetica Neue', helvetica, arial, sans-serif; font-size: 16px; font-style: normal; font-weight: 400;\">Juba viiendat aastat j\u00e4rjest viivad Tartu \u00dclikooli geograafia osakonna \u00fcli\u00f5pilased Eesti Teadusagentuuri ja Haridus- ja Teadusministeeriumi toel l\u00e4bi Eesti \u00fcldhariduskoolides praktilisi geograafilisi teematunde. Koolik\u00fclastuste k\u00e4igus j\u00f5utakse ligi neljak\u00fcmnesse kooli.<\/p><p style=\"box-sizing: inherit; margin-bottom: 1.5em; color: #333333; font-family: 'Libre Franklin', 'Helvetica Neue', helvetica, arial, sans-serif; font-size: 16px; font-style: normal; font-weight: 400;\">2020. ja 2021. aastal pakutavad teematunnid on:<\/p><p style=\"box-sizing: inherit; margin-bottom: 1.5em; color: #333333; font-family: 'Libre Franklin', 'Helvetica Neue', helvetica, arial, sans-serif; font-size: 16px; font-style: normal; font-weight: 400;\">PLANEERIMISE TEEMATUND \u2013 sisetund. Teematund tutvustab l\u00e4bi m\u00e4ngulise r\u00fchmat\u00f6\u00f6 t\u00e4htsamaid ruumilise planeerimise \u00fclesandeid: taustinformatsiooniga tutvumine, arutelu ja kompromisside tegemine, kavandatu esitlemine. Tunni eesm\u00e4rk on laiendada \u00f5pilaste teadmisi kaasaegsetest t\u00f6\u00f6riistadest, l\u00e4bi mille planeerijad linnade ja maapiirkondade arengut suunavad. Teematundi kohandatakse vastavalt kooli asukohale.<\/p><p style=\"box-sizing: inherit; margin-bottom: 1.5em; color: #333333; font-family: 'Libre Franklin', 'Helvetica Neue', helvetica, arial, sans-serif; font-size: 16px; font-style: normal; font-weight: 400;\">NUTITELEFONIDE TEEMATUND \u2013 Teematunnis harjutatakse teekonnaplaneerimist ja igap\u00e4evaste geograafiliste \u00fclesannete lahendamist nutitelefonide abil: leia majutuskoht, j\u00f5ua \u00f5igele bussile, leia sobiv teekond jne. Tunnis t\u00e4idetav\u00a0<a style=\"box-sizing: inherit; color: #222222; text-decoration-line: none; box-shadow: #0f0f0f 0px -1px 0px inset; transition: color 80ms ease-in 0s, box-shadow 130ms ease-in-out 0s, -webkit-box-shadow 130ms ease-in-out 0s;\" href=\"http:\/\/karelpaan.ee\/egea-vana\/wp-content\/uploads\/2021\/09\/2021_nutitelefoni_t%C3%B6%C3%B6leht.docx.pdf\">t\u00f6\u00f6leht<\/a>.<\/p><p style=\"box-sizing: inherit; margin-bottom: 1.5em; color: #333333; font-family: 'Libre Franklin', 'Helvetica Neue', helvetica, arial, sans-serif; font-size: 16px; font-style: normal; font-weight: 400;\">LOODUSGEOGRAAFIA TEEMATUND \u2013\u00a0 Tunni k\u00e4igus selgitatakse igap\u00e4evaste ilmavaatluste vajalikkust, m\u00f5\u00f5tmiste ning vaatluste tehnoloogiat ja viiakse l\u00e4bi erinevad m\u00f5\u00f5tmised-vaatlused. Tunnis t\u00e4idetav\u00a0<a style=\"box-sizing: inherit; color: #222222; text-decoration-line: none; box-shadow: #0f0f0f 0px -1px 0px inset; transition: color 80ms ease-in 0s, box-shadow 130ms ease-in-out 0s, -webkit-box-shadow 130ms ease-in-out 0s;\" href=\"http:\/\/karelpaan.ee\/egea-vana\/wp-content\/uploads\/2021\/11\/LG_t%C3%B6%C3%B6leht.pdf\">t\u00f6\u00f6leht<\/a>.<\/p><p style=\"box-sizing: inherit; margin-bottom: 1.5em; color: #333333; font-family: 'Libre Franklin', 'Helvetica Neue', helvetica, arial, sans-serif; font-size: 16px; font-style: normal; font-weight: 400;\">3D MODELLEERIMISE TEEMATUND \u2013 teematund arvutiklassis. Tunnis loovad \u00f5pilased lihtsa 3D-mudeli Tallinna kesklinnast. T\u00f6\u00f6toa k\u00e4igus tutvustame geoinformaatikat ja r\u00e4\u00e4gime 3D-mudelite vajalikkusest ja rakendamisest. Tunnis kasutatakse vabavaralist QGIS 3 kaardirakendusprogrammi (programm peab olema eelnevalt kooliarvutitesse alla laetud). Tund sobib nii p\u00f5hikooli kui g\u00fcmnaasiumi \u00f5ppeastmele (eelistatult 9.-12. klass). Tunni kestus on 45 minutit. 3D teematunni juhend on leitav\u00a0<span style=\"box-sizing: inherit; font-weight: bold;\"><a style=\"box-sizing: inherit; color: #222222; text-decoration-line: none; box-shadow: #0f0f0f 0px -1px 0px inset; transition: color 80ms ease-in 0s, box-shadow 130ms ease-in-out 0s, -webkit-box-shadow 130ms ease-in-out 0s;\" href=\"http:\/\/karelpaan.ee\/egea-vana\/wp-content\/uploads\/2020\/09\/3d_juhend.pdf\">siit<\/a>.<\/span><\/p><p style=\"box-sizing: inherit; margin-bottom: 1.5em; color: #333333; font-family: 'Libre Franklin', 'Helvetica Neue', helvetica, arial, sans-serif; font-size: 16px; font-style: normal; font-weight: 400;\">Teematunnid koosnevad teoreetilisest sissejuhatusest ja praktilisest \u00fclesandest. Koolik\u00fclastused toimuvad sooviavalduste alusel ning tundide l\u00e4biviimine on kooli jaoks tasuta. Projektimeeskond koosneb T\u00dc geograafia osakonna tudengitest, magistrantidest ja doktorantidest, kes kuuluvad noorgeograafide tudengiorganisatsioon EGEA-Tartu.<\/p><p style=\"box-sizing: inherit; margin-bottom: 1.5em; color: #333333; font-family: 'Libre Franklin', 'Helvetica Neue', helvetica, arial, sans-serif; font-size: 16px; font-style: normal; font-weight: 400;\">Rohkem infot v\u00f5ib k\u00fcsida meili teel\u00a0<span style=\"box-sizing: inherit; font-weight: bold;\">lahegeograafiatund@gmail.com\u00a0<\/span>v\u00f5i projektijuhilt Merli Ilves (59034040).<\/p><p style=\"box-sizing: inherit; margin-bottom: 1.5em; color: #333333; font-family: 'Libre Franklin', 'Helvetica Neue', helvetica, arial, sans-serif; font-size: 16px; font-style: normal; font-weight: 400;\"><span style=\"box-sizing: inherit; font-weight: bold;\">Projektis osalevad 2020\/2021. a hooajal j\u00e4rgmised tudengid:<\/span>\u00a0Sigrid Paavle, Kerli Kairit Kaju, Martin Haamer, Kaarel Tigane, Karl Joann J\u00fcrimaa, Ago Tominga, Hanna-Ingrid Nurm, Elina Maarja Suitso, Maria Kolk, J\u00fcrgen Pikk, Karoliina Kurvits, Risto Merdenson, Carol-Iris Aarla, Laura Altin, Elise Jalonen, Liina Hints, Hendrik Neubauer, Triin Abrams ja Joosep Aia. Ait\u00e4h neile!<\/p>\t\t\t\t\t\t<\/div>\n\t\t\t\t<\/div>\n\t\t\t\t\t<\/div>\n\t\t<\/div>\n\t\t\t\t\t<\/div>\n\t\t<\/section>\n\t\t\t\t<section class=\"elementor-section elementor-top-section elementor-element elementor-element-0bf4085 elementor-section-boxed elementor-section-height-default elementor-section-height-default\" data-id=\"0bf4085\" data-element_type=\"section\">\n\t\t\t\t\t\t<div class=\"elementor-container elementor-column-gap-default\">\n\t\t\t\t\t<div class=\"elementor-column elementor-col-100 elementor-top-column elementor-element elementor-element-c60f0c5\" data-id=\"c60f0c5\" data-element_type=\"column\">\n\t\t\t<div class=\"elementor-widget-wrap elementor-element-populated\">\n\t\t\t\t\t\t<div class=\"elementor-element elementor-element-0196ab6 elementor-widget elementor-widget-spacer\" data-id=\"0196ab6\" data-element_type=\"widget\" data-widget_type=\"spacer.default\">\n\t\t\t\t<div class=\"elementor-widget-container\">\n\t\t\t\t\t<div class=\"elementor-spacer\">\n\t\t\t<div class=\"elementor-spacer-inner\"><\/div>\n\t\t<\/div>\n\t\t\t\t<\/div>\n\t\t\t\t<\/div>\n\t\t\t\t\t<\/div>\n\t\t<\/div>\n\t\t\t\t\t<\/div>\n\t\t<\/section>\n\t\t\t\t<\/div>\n\t\t","protected":false},"excerpt":{"rendered":"<p>Lahe geograafiatund 2020 &lt; Lahe geograafiatund Lahe geograafiatund 2020 \u00a0 2020. aastal p\u00e4lvis Lahe geograafiatund Eesti teaduse populariseerimise peapreemia kategoorias\u00a0\u201ctegevused\/tegevuste sarjad\u201d! \u00a0 Juba viiendat aastat j\u00e4rjest viivad Tartu \u00dclikooli geograafia osakonna \u00fcli\u00f5pilased Eesti Teadusagentuuri ja Haridus- ja Teadusministeeriumi toel l\u00e4bi Eesti \u00fcldhariduskoolides praktilisi geograafilisi teematunde. Koolik\u00fclastuste k\u00e4igus j\u00f5utakse ligi neljak\u00fcmnesse kooli. 2020. ja 2021. aastal [&hellip;]<\/p>\n","protected":false},"author":2,"featured_media":3629,"parent":0,"menu_order":0,"comment_status":"closed","ping_status":"closed","template":"","meta":{"site-sidebar-layout":"no-sidebar","site-content-layout":"page-builder","ast-site-content-layout":"","site-content-style":"default","site-sidebar-style":"default","ast-global-header-display":"","ast-banner-title-visibility":"","ast-main-header-display":"","ast-hfb-above-header-display":"","ast-hfb-below-header-display":"","ast-hfb-mobile-header-display":"","site-post-title":"disabled","ast-breadcrumbs-content":"","ast-featured-img":"disabled","footer-sml-layout":"","theme-transparent-header-meta":"default","adv-header-id-meta":"","stick-header-meta":"","header-above-stick-meta":"","header-main-stick-meta":"","header-below-stick-meta":"","astra-migrate-meta-layouts":"default","ast-page-background-enabled":"default","ast-page-background-meta":{"desktop":{"background-color":"var(--ast-global-color-4)","background-image":"","background-repeat":"repeat","background-position":"center center","background-size":"auto","background-attachment":"scroll","background-type":"","background-media":"","overlay-type":"","overlay-color":"","overlay-opacity":"","overlay-gradient":""},"tablet":{"background-color":"","background-image":"","background-repeat":"repeat","background-position":"center center","background-size":"auto","background-attachment":"scroll","background-type":"","background-media":"","overlay-type":"","overlay-color":"","overlay-opacity":"","overlay-gradient":""},"mobile":{"background-color":"","background-image":"","background-repeat":"repeat","background-position":"center center","background-size":"auto","background-attachment":"scroll","background-type":"","background-media":"","overlay-type":"","overlay-color":"","overlay-opacity":"","overlay-gradient":""}},"ast-content-background-meta":{"desktop":{"background-color":"var(--ast-global-color-5)","background-image":"","background-repeat":"repeat","background-position":"center center","background-size":"auto","background-attachment":"scroll","background-type":"","background-media":"","overlay-type":"","overlay-color":"","overlay-opacity":"","overlay-gradient":""},"tablet":{"background-color":"var(--ast-global-color-5)","background-image":"","background-repeat":"repeat","background-position":"center center","background-size":"auto","background-attachment":"scroll","background-type":"","background-media":"","overlay-type":"","overlay-color":"","overlay-opacity":"","overlay-gradient":""},"mobile":{"background-color":"var(--ast-global-color-5)","background-image":"","background-repeat":"repeat","background-position":"center center","background-size":"auto","background-attachment":"scroll","background-type":"","background-media":"","overlay-type":"","overlay-color":"","overlay-opacity":"","overlay-gradient":""}},"footnotes":""},"class_list":["post-431","page","type-page","status-publish","has-post-thumbnail","hentry"],"_links":{"self":[{"href":"https:\/\/egea.ee\/wordpress\/wp-json\/wp\/v2\/pages\/431","targetHints":{"allow":["GET"]}}],"collection":[{"href":"https:\/\/egea.ee\/wordpress\/wp-json\/wp\/v2\/pages"}],"about":[{"href":"https:\/\/egea.ee\/wordpress\/wp-json\/wp\/v2\/types\/page"}],"author":[{"embeddable":true,"href":"https:\/\/egea.ee\/wordpress\/wp-json\/wp\/v2\/users\/2"}],"replies":[{"embeddable":true,"href":"https:\/\/egea.ee\/wordpress\/wp-json\/wp\/v2\/comments?post=431"}],"version-history":[{"count":16,"href":"https:\/\/egea.ee\/wordpress\/wp-json\/wp\/v2\/pages\/431\/revisions"}],"predecessor-version":[{"id":4000,"href":"https:\/\/egea.ee\/wordpress\/wp-json\/wp\/v2\/pages\/431\/revisions\/4000"}],"wp:featuredmedia":[{"embeddable":true,"href":"https:\/\/egea.ee\/wordpress\/wp-json\/wp\/v2\/media\/3629"}],"wp:attachment":[{"href":"https:\/\/egea.ee\/wordpress\/wp-json\/wp\/v2\/media?parent=431"}],"curies":[{"name":"wp","href":"https:\/\/api.w.org\/{rel}","templated":true}]}}