{"id":434,"date":"2023-05-22T10:49:06","date_gmt":"2023-05-22T10:49:06","guid":{"rendered":"https:\/\/egea.ee\/wordpress\/?page_id=434"},"modified":"2023-07-28T15:55:16","modified_gmt":"2023-07-28T12:55:16","slug":"lahe-geograafiatund-2019","status":"publish","type":"page","link":"https:\/\/egea.ee\/wordpress\/lahe-geograafiatund-2019\/","title":{"rendered":"Lahe geograafiatund 2019"},"content":{"rendered":"\t\t<div data-elementor-type=\"wp-page\" data-elementor-id=\"434\" class=\"elementor elementor-434\" data-elementor-post-type=\"page\">\n\t\t\t\t\t\t<section class=\"elementor-section elementor-top-section elementor-element elementor-element-18189bf elementor-hidden-desktop elementor-hidden-tablet elementor-section-boxed elementor-section-height-default elementor-section-height-default\" data-id=\"18189bf\" data-element_type=\"section\" data-settings=\"{&quot;background_background&quot;:&quot;classic&quot;}\">\n\t\t\t\t\t\t<div class=\"elementor-container elementor-column-gap-default\">\n\t\t\t\t\t<div class=\"elementor-column elementor-col-100 elementor-top-column elementor-element elementor-element-c187577\" data-id=\"c187577\" data-element_type=\"column\">\n\t\t\t<div class=\"elementor-widget-wrap elementor-element-populated\">\n\t\t\t\t\t\t<div class=\"elementor-element elementor-element-d2d59c1 elementor-widget elementor-widget-heading\" data-id=\"d2d59c1\" data-element_type=\"widget\" data-widget_type=\"heading.default\">\n\t\t\t\t<div class=\"elementor-widget-container\">\n\t\t\t<style>\/*! elementor - v3.23.0 - 05-08-2024 *\/\n.elementor-heading-title{padding:0;margin:0;line-height:1}.elementor-widget-heading .elementor-heading-title[class*=elementor-size-]>a{color:inherit;font-size:inherit;line-height:inherit}.elementor-widget-heading .elementor-heading-title.elementor-size-small{font-size:15px}.elementor-widget-heading .elementor-heading-title.elementor-size-medium{font-size:19px}.elementor-widget-heading .elementor-heading-title.elementor-size-large{font-size:29px}.elementor-widget-heading .elementor-heading-title.elementor-size-xl{font-size:39px}.elementor-widget-heading .elementor-heading-title.elementor-size-xxl{font-size:59px}<\/style><h3 class=\"elementor-heading-title elementor-size-default\">Lahe geograafiatund 2019<\/h3>\t\t<\/div>\n\t\t\t\t<\/div>\n\t\t\t\t\t<\/div>\n\t\t<\/div>\n\t\t\t\t\t<\/div>\n\t\t<\/section>\n\t\t\t\t<section class=\"elementor-section elementor-top-section elementor-element elementor-element-b326b5f elementor-hidden-mobile elementor-section-boxed elementor-section-height-default elementor-section-height-default\" data-id=\"b326b5f\" data-element_type=\"section\" data-settings=\"{&quot;background_background&quot;:&quot;classic&quot;}\">\n\t\t\t\t\t\t<div class=\"elementor-container elementor-column-gap-default\">\n\t\t\t\t\t<div class=\"elementor-column elementor-col-33 elementor-top-column elementor-element elementor-element-8d58d53\" data-id=\"8d58d53\" data-element_type=\"column\">\n\t\t\t<div class=\"elementor-widget-wrap elementor-element-populated\">\n\t\t\t\t\t\t<div class=\"elementor-element elementor-element-899fe16 elementor-absolute elementor-widget elementor-widget-text-editor\" data-id=\"899fe16\" data-element_type=\"widget\" data-settings=\"{&quot;_position&quot;:&quot;absolute&quot;}\" data-widget_type=\"text-editor.default\">\n\t\t\t\t<div class=\"elementor-widget-container\">\n\t\t\t<style>\/*! elementor - v3.23.0 - 05-08-2024 *\/\n.elementor-widget-text-editor.elementor-drop-cap-view-stacked .elementor-drop-cap{background-color:#69727d;color:#fff}.elementor-widget-text-editor.elementor-drop-cap-view-framed .elementor-drop-cap{color:#69727d;border:3px solid;background-color:transparent}.elementor-widget-text-editor:not(.elementor-drop-cap-view-default) .elementor-drop-cap{margin-top:8px}.elementor-widget-text-editor:not(.elementor-drop-cap-view-default) .elementor-drop-cap-letter{width:1em;height:1em}.elementor-widget-text-editor .elementor-drop-cap{float:left;text-align:center;line-height:1;font-size:50px}.elementor-widget-text-editor .elementor-drop-cap-letter{display:inline-block}<\/style>\t\t\t\t<h5 class=\"elementor-heading-title elementor-size-medium\"><a href=\"https:\/\/egea.ee\/wordpress\/wordpress\/meie-tegevused\/lahe-geograafiatund\/\"><span style=\"color: #ffffff;\">&lt; Lahe geograafiatund<\/span><\/a><\/h5>\t\t\t\t\t\t<\/div>\n\t\t\t\t<\/div>\n\t\t\t\t\t<\/div>\n\t\t<\/div>\n\t\t\t\t<div class=\"elementor-column elementor-col-33 elementor-top-column elementor-element elementor-element-1b08423\" data-id=\"1b08423\" data-element_type=\"column\">\n\t\t\t<div class=\"elementor-widget-wrap elementor-element-populated\">\n\t\t\t\t\t\t<div class=\"elementor-element elementor-element-5a7d4f9 elementor-widget elementor-widget-heading\" data-id=\"5a7d4f9\" data-element_type=\"widget\" data-widget_type=\"heading.default\">\n\t\t\t\t<div class=\"elementor-widget-container\">\n\t\t\t<h3 class=\"elementor-heading-title elementor-size-default\">Lahe geograafiatund 2022<\/h3>\t\t<\/div>\n\t\t\t\t<\/div>\n\t\t\t\t\t<\/div>\n\t\t<\/div>\n\t\t\t\t<div class=\"elementor-column elementor-col-33 elementor-top-column elementor-element elementor-element-a5bbd5c\" data-id=\"a5bbd5c\" data-element_type=\"column\">\n\t\t\t<div class=\"elementor-widget-wrap\">\n\t\t\t\t\t\t\t<\/div>\n\t\t<\/div>\n\t\t\t\t\t<\/div>\n\t\t<\/section>\n\t\t\t\t<section class=\"elementor-section elementor-top-section elementor-element elementor-element-6a9f52e elementor-section-boxed elementor-section-height-default elementor-section-height-default\" data-id=\"6a9f52e\" data-element_type=\"section\">\n\t\t\t\t\t\t<div class=\"elementor-container elementor-column-gap-default\">\n\t\t\t\t\t<div class=\"elementor-column elementor-col-100 elementor-top-column elementor-element elementor-element-8cdfd0f\" data-id=\"8cdfd0f\" data-element_type=\"column\">\n\t\t\t<div class=\"elementor-widget-wrap elementor-element-populated\">\n\t\t\t\t\t\t<div class=\"elementor-element elementor-element-47c8a63 elementor-widget elementor-widget-spacer\" data-id=\"47c8a63\" data-element_type=\"widget\" data-widget_type=\"spacer.default\">\n\t\t\t\t<div class=\"elementor-widget-container\">\n\t\t\t<style>\/*! elementor - v3.23.0 - 05-08-2024 *\/\n.elementor-column .elementor-spacer-inner{height:var(--spacer-size)}.e-con{--container-widget-width:100%}.e-con-inner>.elementor-widget-spacer,.e-con>.elementor-widget-spacer{width:var(--container-widget-width,var(--spacer-size));--align-self:var(--container-widget-align-self,initial);--flex-shrink:0}.e-con-inner>.elementor-widget-spacer>.elementor-widget-container,.e-con>.elementor-widget-spacer>.elementor-widget-container{height:100%;width:100%}.e-con-inner>.elementor-widget-spacer>.elementor-widget-container>.elementor-spacer,.e-con>.elementor-widget-spacer>.elementor-widget-container>.elementor-spacer{height:100%}.e-con-inner>.elementor-widget-spacer>.elementor-widget-container>.elementor-spacer>.elementor-spacer-inner,.e-con>.elementor-widget-spacer>.elementor-widget-container>.elementor-spacer>.elementor-spacer-inner{height:var(--container-widget-height,var(--spacer-size))}.e-con-inner>.elementor-widget-spacer.elementor-widget-empty,.e-con>.elementor-widget-spacer.elementor-widget-empty{position:relative;min-height:22px;min-width:22px}.e-con-inner>.elementor-widget-spacer.elementor-widget-empty .elementor-widget-empty-icon,.e-con>.elementor-widget-spacer.elementor-widget-empty .elementor-widget-empty-icon{position:absolute;top:0;bottom:0;left:0;right:0;margin:auto;padding:0;width:22px;height:22px}<\/style>\t\t<div class=\"elementor-spacer\">\n\t\t\t<div class=\"elementor-spacer-inner\"><\/div>\n\t\t<\/div>\n\t\t\t\t<\/div>\n\t\t\t\t<\/div>\n\t\t\t\t\t<\/div>\n\t\t<\/div>\n\t\t\t\t\t<\/div>\n\t\t<\/section>\n\t\t\t\t<section class=\"elementor-section elementor-top-section elementor-element elementor-element-3412016 elementor-section-boxed elementor-section-height-default elementor-section-height-default\" data-id=\"3412016\" data-element_type=\"section\">\n\t\t\t\t\t\t<div class=\"elementor-container elementor-column-gap-default\">\n\t\t\t\t\t<div class=\"elementor-column elementor-col-100 elementor-top-column elementor-element elementor-element-ef7f8a1\" data-id=\"ef7f8a1\" data-element_type=\"column\">\n\t\t\t<div class=\"elementor-widget-wrap elementor-element-populated\">\n\t\t\t\t\t\t<div class=\"elementor-element elementor-element-0ff994b elementor-widget elementor-widget-text-editor\" data-id=\"0ff994b\" data-element_type=\"widget\" data-widget_type=\"text-editor.default\">\n\t\t\t\t<div class=\"elementor-widget-container\">\n\t\t\t\t\t\t\t<p style=\"box-sizing: inherit; margin-bottom: 1.5em; color: #333333; font-family: 'Libre Franklin', 'Helvetica Neue', helvetica, arial, sans-serif; font-size: 16px; font-style: normal; font-weight: 400;\">Juba neljandat aastat j\u00e4rjest viivad Tartu \u00dclikooli geograafia osakonna \u00fcli\u00f5pilased Eesti Teadusagentuuri ja Haridus- ja Teadusministeeriumi toel l\u00e4bi Eesti \u00fcldhariduskoolides praktilisi geograafilisi teematunde. Koolik\u00fclastuste k\u00e4igus j\u00f5utakse ligi neljak\u00fcmnesse kooli.<\/p><p style=\"box-sizing: inherit; margin-bottom: 1.5em; color: #333333; font-family: 'Libre Franklin', 'Helvetica Neue', helvetica, arial, sans-serif; font-size: 16px; font-style: normal; font-weight: 400;\">2019. aastal pakutavad teematunnid:<\/p><p style=\"box-sizing: inherit; margin-bottom: 1.5em; color: #333333; font-family: 'Libre Franklin', 'Helvetica Neue', helvetica, arial, sans-serif; font-size: 16px; font-style: normal; font-weight: 400;\">PLANEERIMISE TEEMATUND \u2013 \u00d5pilased lahendavad selles tunnis transpordivaldkonna \u00fclesannet \u00fche Eesti linna n\u00e4itel. \u00dclesandeks on erinevaid materjale kasutades leida kompromisse, tagades l\u00e4hte\u00fclesandele parim lahendus ning paigutada linnaruumi erinevate transpordivahenditega liiklejad ja tugiinfrastruktuur.<\/p><p style=\"box-sizing: inherit; margin-bottom: 1.5em; color: #333333; font-family: 'Libre Franklin', 'Helvetica Neue', helvetica, arial, sans-serif; font-size: 16px; font-style: normal; font-weight: 400;\">NUTITELEFONIDE TEEMATUND \u2013 Teematunnis harjutatakse teekonnaplaneerimist ja igap\u00e4evaste geograafiliste \u00fclesannete lahendamist nutitelefonide abil: leia majutuskoht, j\u00f5ua \u00f5igele bussile, leia sobiv teekond jne.<\/p><p style=\"box-sizing: inherit; margin-bottom: 1.5em; color: #333333; font-family: 'Libre Franklin', 'Helvetica Neue', helvetica, arial, sans-serif; font-size: 16px; font-style: normal; font-weight: 400;\">GPS TEEMATUND \u2013 Tunni tulemusena saab \u00f5pilane uusi teadmisi kaardi ja GPS-i kasutamise kohta, oskab m\u00e4\u00e4rata enda koordinaate nutiseadme abil ning suudab orienteeruda t\u00e4htsamate objektide j\u00e4rgi kooli \u00fcmbruse maastikul.<\/p><p style=\"box-sizing: inherit; margin-bottom: 1.5em; color: #333333; font-family: 'Libre Franklin', 'Helvetica Neue', helvetica, arial, sans-serif; font-size: 16px; font-style: normal; font-weight: 400;\">GIS TEEMATUND \u2013\u00a0 Tunni raames valmistavad \u00f5pilased teemakaardi, alustades andmete sisestamisest programmi, l\u00f5petades valmis teemakaardi kujundamisega. Tunnis kasutatakse vabavaralist QGIS kaardirakendusprogrammi.<\/p><p style=\"box-sizing: inherit; margin-bottom: 1.5em; color: #333333; font-family: 'Libre Franklin', 'Helvetica Neue', helvetica, arial, sans-serif; font-size: 16px; font-style: normal; font-weight: 400;\">LOODUSGEOGRAAFIA TEEMATUND \u2013\u00a0 Tunni k\u00e4igus selgitatakse igap\u00e4evaste ilmavaatluste vajalikkust, m\u00f5\u00f5tmiste ning vaatluste tehnoloogiat ja viiakse l\u00e4bi erinevad m\u00f5\u00f5tmised-vaatlused.<\/p><p style=\"box-sizing: inherit; margin-bottom: 1.5em; color: #333333; font-family: 'Libre Franklin', 'Helvetica Neue', helvetica, arial, sans-serif; font-size: 16px; font-style: normal; font-weight: 400;\">3D MODELLEERIMISE TEEMATUND \u2013 teematund arvutiklassis. Tunnis loovad \u00f5pilased lihtsa 3D-mudeli Tallinna kesklinnast. T\u00f6\u00f6toa k\u00e4igus tutvustame geoinformaatikat ja r\u00e4\u00e4gime 3D-mudelite vajalikkusest ja rakendamisest. Tunnis kasutatakse vabavaralist QGIS 3 kaardirakendusprogrammi (programm peab olema eelnevalt kooliarvutitesse alla laetud). Tund sobib nii p\u00f5hikooli kui g\u00fcmnaasiumi \u00f5ppeastmele (eelistatult 9.-12. klass). Tunni kestus on 45 minutit.<\/p><p style=\"box-sizing: inherit; margin-bottom: 1.5em; color: #333333; font-family: 'Libre Franklin', 'Helvetica Neue', helvetica, arial, sans-serif; font-size: 16px; font-style: normal; font-weight: 400;\">VIRTUAALREAALSUSE TEEMATUND \u2013 Tunni eesm\u00e4rgiks on selgitada, mida n\u00e4eb satelliit, kuidas satelliidipildilt leida huvipakkuvaid uurimispiirkondi maakatteuurimiseks ja kuidas t\u00e4iendada satelliidi teadmisi 360\u00b0 fotodega. Tutvustatakse erinevaid objekte ortofotodel ja maakattet\u00fc\u00fcpe erinevates maailma piirkondades. N\u00e4iteid tuuakse k\u00f5rbest, polaaraladelt,<br style=\"box-sizing: inherit;\" \/>vihmametsadest. \u00d5pilased loovad ise tunni k\u00e4igus 360\u00b0 fotod kooli \u00fcmbruses (\u00f5ues viibimine u 10 min). Tunni l\u00e4biviijad tagavad VR prillid, kuid \u00f5pilastelt on n\u00f5utav r\u00fchma peale nutitelefon. Tunni kestus on 45 minutit.<\/p><p style=\"box-sizing: inherit; margin-bottom: 1.5em; color: #333333; font-family: 'Libre Franklin', 'Helvetica Neue', helvetica, arial, sans-serif; font-size: 16px; font-style: normal; font-weight: 400;\">Teematunnid koosnevad teoreetilisest sissejuhatusest ja praktilisest \u00fclesandest. Koolik\u00fclastused toimuvad sooviavalduste alusel ning tundide l\u00e4biviimine on kooli jaoks tasuta. Projektimeeskond koosneb T\u00dc geograafia osakonna tudengitest, magistrantidest ja doktorantidest, kes kuuluvad noorgeograafide tudengiorganisatsioon EGEA-Tartu.<\/p>\t\t\t\t\t\t<\/div>\n\t\t\t\t<\/div>\n\t\t\t\t\t<\/div>\n\t\t<\/div>\n\t\t\t\t\t<\/div>\n\t\t<\/section>\n\t\t\t\t<section class=\"elementor-section elementor-top-section elementor-element elementor-element-3e95ec9 elementor-section-boxed elementor-section-height-default elementor-section-height-default\" data-id=\"3e95ec9\" data-element_type=\"section\">\n\t\t\t\t\t\t<div class=\"elementor-container elementor-column-gap-default\">\n\t\t\t\t\t<div class=\"elementor-column elementor-col-100 elementor-top-column elementor-element elementor-element-a76ac75\" data-id=\"a76ac75\" data-element_type=\"column\">\n\t\t\t<div class=\"elementor-widget-wrap elementor-element-populated\">\n\t\t\t\t\t\t<div class=\"elementor-element elementor-element-63a6a7f elementor-widget elementor-widget-spacer\" data-id=\"63a6a7f\" data-element_type=\"widget\" data-widget_type=\"spacer.default\">\n\t\t\t\t<div class=\"elementor-widget-container\">\n\t\t\t\t\t<div class=\"elementor-spacer\">\n\t\t\t<div class=\"elementor-spacer-inner\"><\/div>\n\t\t<\/div>\n\t\t\t\t<\/div>\n\t\t\t\t<\/div>\n\t\t\t\t\t<\/div>\n\t\t<\/div>\n\t\t\t\t\t<\/div>\n\t\t<\/section>\n\t\t\t\t<\/div>\n\t\t","protected":false},"excerpt":{"rendered":"<p>Lahe geograafiatund 2019 &lt; Lahe geograafiatund Lahe geograafiatund 2022 Juba neljandat aastat j\u00e4rjest viivad Tartu \u00dclikooli geograafia osakonna \u00fcli\u00f5pilased Eesti Teadusagentuuri ja Haridus- ja Teadusministeeriumi toel l\u00e4bi Eesti \u00fcldhariduskoolides praktilisi geograafilisi teematunde. Koolik\u00fclastuste k\u00e4igus j\u00f5utakse ligi neljak\u00fcmnesse kooli. 2019. aastal pakutavad teematunnid: PLANEERIMISE TEEMATUND \u2013 \u00d5pilased lahendavad selles tunnis transpordivaldkonna \u00fclesannet \u00fche Eesti linna n\u00e4itel. [&hellip;]<\/p>\n","protected":false},"author":2,"featured_media":3634,"parent":0,"menu_order":0,"comment_status":"closed","ping_status":"closed","template":"","meta":{"site-sidebar-layout":"no-sidebar","site-content-layout":"page-builder","ast-site-content-layout":"","site-content-style":"default","site-sidebar-style":"default","ast-global-header-display":"","ast-banner-title-visibility":"","ast-main-header-display":"","ast-hfb-above-header-display":"","ast-hfb-below-header-display":"","ast-hfb-mobile-header-display":"","site-post-title":"disabled","ast-breadcrumbs-content":"","ast-featured-img":"disabled","footer-sml-layout":"","theme-transparent-header-meta":"default","adv-header-id-meta":"","stick-header-meta":"","header-above-stick-meta":"","header-main-stick-meta":"","header-below-stick-meta":"","astra-migrate-meta-layouts":"default","ast-page-background-enabled":"default","ast-page-background-meta":{"desktop":{"background-color":"var(--ast-global-color-4)","background-image":"","background-repeat":"repeat","background-position":"center center","background-size":"auto","background-attachment":"scroll","background-type":"","background-media":"","overlay-type":"","overlay-color":"","overlay-opacity":"","overlay-gradient":""},"tablet":{"background-color":"","background-image":"","background-repeat":"repeat","background-position":"center center","background-size":"auto","background-attachment":"scroll","background-type":"","background-media":"","overlay-type":"","overlay-color":"","overlay-opacity":"","overlay-gradient":""},"mobile":{"background-color":"","background-image":"","background-repeat":"repeat","background-position":"center center","background-size":"auto","background-attachment":"scroll","background-type":"","background-media":"","overlay-type":"","overlay-color":"","overlay-opacity":"","overlay-gradient":""}},"ast-content-background-meta":{"desktop":{"background-color":"var(--ast-global-color-5)","background-image":"","background-repeat":"repeat","background-position":"center center","background-size":"auto","background-attachment":"scroll","background-type":"","background-media":"","overlay-type":"","overlay-color":"","overlay-opacity":"","overlay-gradient":""},"tablet":{"background-color":"var(--ast-global-color-5)","background-image":"","background-repeat":"repeat","background-position":"center center","background-size":"auto","background-attachment":"scroll","background-type":"","background-media":"","overlay-type":"","overlay-color":"","overlay-opacity":"","overlay-gradient":""},"mobile":{"background-color":"var(--ast-global-color-5)","background-image":"","background-repeat":"repeat","background-position":"center center","background-size":"auto","background-attachment":"scroll","background-type":"","background-media":"","overlay-type":"","overlay-color":"","overlay-opacity":"","overlay-gradient":""}},"footnotes":""},"class_list":["post-434","page","type-page","status-publish","has-post-thumbnail","hentry"],"_links":{"self":[{"href":"https:\/\/egea.ee\/wordpress\/wp-json\/wp\/v2\/pages\/434","targetHints":{"allow":["GET"]}}],"collection":[{"href":"https:\/\/egea.ee\/wordpress\/wp-json\/wp\/v2\/pages"}],"about":[{"href":"https:\/\/egea.ee\/wordpress\/wp-json\/wp\/v2\/types\/page"}],"author":[{"embeddable":true,"href":"https:\/\/egea.ee\/wordpress\/wp-json\/wp\/v2\/users\/2"}],"replies":[{"embeddable":true,"href":"https:\/\/egea.ee\/wordpress\/wp-json\/wp\/v2\/comments?post=434"}],"version-history":[{"count":8,"href":"https:\/\/egea.ee\/wordpress\/wp-json\/wp\/v2\/pages\/434\/revisions"}],"predecessor-version":[{"id":4007,"href":"https:\/\/egea.ee\/wordpress\/wp-json\/wp\/v2\/pages\/434\/revisions\/4007"}],"wp:featuredmedia":[{"embeddable":true,"href":"https:\/\/egea.ee\/wordpress\/wp-json\/wp\/v2\/media\/3634"}],"wp:attachment":[{"href":"https:\/\/egea.ee\/wordpress\/wp-json\/wp\/v2\/media?parent=434"}],"curies":[{"name":"wp","href":"https:\/\/api.w.org\/{rel}","templated":true}]}}