{"id":442,"date":"2023-05-22T11:07:16","date_gmt":"2023-05-22T11:07:16","guid":{"rendered":"https:\/\/egea.ee\/wordpress\/?page_id=442"},"modified":"2023-07-28T15:57:07","modified_gmt":"2023-07-28T12:57:07","slug":"lahe-geograafiatund-2017","status":"publish","type":"page","link":"https:\/\/egea.ee\/wordpress\/lahe-geograafiatund-2017\/","title":{"rendered":"Lahe geograafiatund 2017"},"content":{"rendered":"\t\t<div data-elementor-type=\"wp-page\" data-elementor-id=\"442\" class=\"elementor elementor-442\" data-elementor-post-type=\"page\">\n\t\t\t\t\t\t<section class=\"elementor-section elementor-top-section elementor-element elementor-element-2d01e3f elementor-hidden-desktop elementor-hidden-tablet elementor-section-boxed elementor-section-height-default elementor-section-height-default\" data-id=\"2d01e3f\" data-element_type=\"section\" data-settings=\"{&quot;background_background&quot;:&quot;classic&quot;}\">\n\t\t\t\t\t\t<div class=\"elementor-container elementor-column-gap-default\">\n\t\t\t\t\t<div class=\"elementor-column elementor-col-100 elementor-top-column elementor-element elementor-element-42fd6c3\" data-id=\"42fd6c3\" data-element_type=\"column\">\n\t\t\t<div class=\"elementor-widget-wrap elementor-element-populated\">\n\t\t\t\t\t\t<div class=\"elementor-element elementor-element-ff075d2 elementor-widget elementor-widget-heading\" data-id=\"ff075d2\" data-element_type=\"widget\" data-widget_type=\"heading.default\">\n\t\t\t\t<div class=\"elementor-widget-container\">\n\t\t\t<style>\/*! elementor - v3.23.0 - 05-08-2024 *\/\n.elementor-heading-title{padding:0;margin:0;line-height:1}.elementor-widget-heading .elementor-heading-title[class*=elementor-size-]>a{color:inherit;font-size:inherit;line-height:inherit}.elementor-widget-heading .elementor-heading-title.elementor-size-small{font-size:15px}.elementor-widget-heading .elementor-heading-title.elementor-size-medium{font-size:19px}.elementor-widget-heading .elementor-heading-title.elementor-size-large{font-size:29px}.elementor-widget-heading .elementor-heading-title.elementor-size-xl{font-size:39px}.elementor-widget-heading .elementor-heading-title.elementor-size-xxl{font-size:59px}<\/style><h3 class=\"elementor-heading-title elementor-size-default\">Lahe geograafiatund 2017<\/h3>\t\t<\/div>\n\t\t\t\t<\/div>\n\t\t\t\t\t<\/div>\n\t\t<\/div>\n\t\t\t\t\t<\/div>\n\t\t<\/section>\n\t\t\t\t<section class=\"elementor-section elementor-top-section elementor-element elementor-element-1ef195d elementor-hidden-mobile elementor-section-boxed elementor-section-height-default elementor-section-height-default\" data-id=\"1ef195d\" data-element_type=\"section\" data-settings=\"{&quot;background_background&quot;:&quot;classic&quot;}\">\n\t\t\t\t\t\t<div class=\"elementor-container elementor-column-gap-default\">\n\t\t\t\t\t<div class=\"elementor-column elementor-col-33 elementor-top-column elementor-element elementor-element-5ba00b4\" data-id=\"5ba00b4\" data-element_type=\"column\">\n\t\t\t<div class=\"elementor-widget-wrap elementor-element-populated\">\n\t\t\t\t\t\t<div class=\"elementor-element elementor-element-2f9c72d elementor-absolute elementor-widget elementor-widget-text-editor\" data-id=\"2f9c72d\" data-element_type=\"widget\" data-settings=\"{&quot;_position&quot;:&quot;absolute&quot;}\" data-widget_type=\"text-editor.default\">\n\t\t\t\t<div class=\"elementor-widget-container\">\n\t\t\t<style>\/*! elementor - v3.23.0 - 05-08-2024 *\/\n.elementor-widget-text-editor.elementor-drop-cap-view-stacked .elementor-drop-cap{background-color:#69727d;color:#fff}.elementor-widget-text-editor.elementor-drop-cap-view-framed .elementor-drop-cap{color:#69727d;border:3px solid;background-color:transparent}.elementor-widget-text-editor:not(.elementor-drop-cap-view-default) .elementor-drop-cap{margin-top:8px}.elementor-widget-text-editor:not(.elementor-drop-cap-view-default) .elementor-drop-cap-letter{width:1em;height:1em}.elementor-widget-text-editor .elementor-drop-cap{float:left;text-align:center;line-height:1;font-size:50px}.elementor-widget-text-editor .elementor-drop-cap-letter{display:inline-block}<\/style>\t\t\t\t<h5 class=\"elementor-heading-title elementor-size-medium\"><a href=\"https:\/\/egea.ee\/wordpress\/wordpress\/meie-tegevused\/lahe-geograafiatund\/\"><span style=\"color: #ffffff;\">&lt; Lahe geograafiatund<\/span><\/a><\/h5>\t\t\t\t\t\t<\/div>\n\t\t\t\t<\/div>\n\t\t\t\t\t<\/div>\n\t\t<\/div>\n\t\t\t\t<div class=\"elementor-column elementor-col-33 elementor-top-column elementor-element elementor-element-6a94583\" data-id=\"6a94583\" data-element_type=\"column\">\n\t\t\t<div class=\"elementor-widget-wrap elementor-element-populated\">\n\t\t\t\t\t\t<div class=\"elementor-element elementor-element-92d60ba elementor-widget elementor-widget-heading\" data-id=\"92d60ba\" data-element_type=\"widget\" data-widget_type=\"heading.default\">\n\t\t\t\t<div class=\"elementor-widget-container\">\n\t\t\t<h3 class=\"elementor-heading-title elementor-size-default\">Lahe geograafiatund 2017<\/h3>\t\t<\/div>\n\t\t\t\t<\/div>\n\t\t\t\t\t<\/div>\n\t\t<\/div>\n\t\t\t\t<div class=\"elementor-column elementor-col-33 elementor-top-column elementor-element elementor-element-51fa535\" data-id=\"51fa535\" data-element_type=\"column\">\n\t\t\t<div class=\"elementor-widget-wrap\">\n\t\t\t\t\t\t\t<\/div>\n\t\t<\/div>\n\t\t\t\t\t<\/div>\n\t\t<\/section>\n\t\t\t\t<section class=\"elementor-section elementor-top-section elementor-element elementor-element-7a2fbd7 elementor-section-boxed elementor-section-height-default elementor-section-height-default\" data-id=\"7a2fbd7\" data-element_type=\"section\">\n\t\t\t\t\t\t<div class=\"elementor-container elementor-column-gap-default\">\n\t\t\t\t\t<div class=\"elementor-column elementor-col-100 elementor-top-column elementor-element elementor-element-e9d8605\" data-id=\"e9d8605\" data-element_type=\"column\">\n\t\t\t<div class=\"elementor-widget-wrap elementor-element-populated\">\n\t\t\t\t\t\t<div class=\"elementor-element elementor-element-549a3fd elementor-widget elementor-widget-spacer\" data-id=\"549a3fd\" data-element_type=\"widget\" data-widget_type=\"spacer.default\">\n\t\t\t\t<div class=\"elementor-widget-container\">\n\t\t\t<style>\/*! elementor - v3.23.0 - 05-08-2024 *\/\n.elementor-column .elementor-spacer-inner{height:var(--spacer-size)}.e-con{--container-widget-width:100%}.e-con-inner>.elementor-widget-spacer,.e-con>.elementor-widget-spacer{width:var(--container-widget-width,var(--spacer-size));--align-self:var(--container-widget-align-self,initial);--flex-shrink:0}.e-con-inner>.elementor-widget-spacer>.elementor-widget-container,.e-con>.elementor-widget-spacer>.elementor-widget-container{height:100%;width:100%}.e-con-inner>.elementor-widget-spacer>.elementor-widget-container>.elementor-spacer,.e-con>.elementor-widget-spacer>.elementor-widget-container>.elementor-spacer{height:100%}.e-con-inner>.elementor-widget-spacer>.elementor-widget-container>.elementor-spacer>.elementor-spacer-inner,.e-con>.elementor-widget-spacer>.elementor-widget-container>.elementor-spacer>.elementor-spacer-inner{height:var(--container-widget-height,var(--spacer-size))}.e-con-inner>.elementor-widget-spacer.elementor-widget-empty,.e-con>.elementor-widget-spacer.elementor-widget-empty{position:relative;min-height:22px;min-width:22px}.e-con-inner>.elementor-widget-spacer.elementor-widget-empty .elementor-widget-empty-icon,.e-con>.elementor-widget-spacer.elementor-widget-empty .elementor-widget-empty-icon{position:absolute;top:0;bottom:0;left:0;right:0;margin:auto;padding:0;width:22px;height:22px}<\/style>\t\t<div class=\"elementor-spacer\">\n\t\t\t<div class=\"elementor-spacer-inner\"><\/div>\n\t\t<\/div>\n\t\t\t\t<\/div>\n\t\t\t\t<\/div>\n\t\t\t\t\t<\/div>\n\t\t<\/div>\n\t\t\t\t\t<\/div>\n\t\t<\/section>\n\t\t\t\t<section class=\"elementor-section elementor-top-section elementor-element elementor-element-c164903 elementor-section-boxed elementor-section-height-default elementor-section-height-default\" data-id=\"c164903\" data-element_type=\"section\">\n\t\t\t\t\t\t<div class=\"elementor-container elementor-column-gap-default\">\n\t\t\t\t\t<div class=\"elementor-column elementor-col-100 elementor-top-column elementor-element elementor-element-2fa3212\" data-id=\"2fa3212\" data-element_type=\"column\">\n\t\t\t<div class=\"elementor-widget-wrap elementor-element-populated\">\n\t\t\t\t\t\t<div class=\"elementor-element elementor-element-b2a8716 elementor-widget elementor-widget-text-editor\" data-id=\"b2a8716\" data-element_type=\"widget\" data-widget_type=\"text-editor.default\">\n\t\t\t\t<div class=\"elementor-widget-container\">\n\t\t\t\t\t\t\t<p style=\"box-sizing: inherit; margin-bottom: 1.5em; color: #333333; font-family: 'Libre Franklin', 'Helvetica Neue', helvetica, arial, sans-serif; font-size: 16px; font-style: normal; font-weight: 400;\">Teist aastat j\u00e4rjest viivad Tartu \u00dclikooli geograafia osakonna \u00fcli\u00f5pilased Eesti Teadusagentuuri ja Haridus- ja Teadusministeeriumi toel l\u00e4bi siinsetes \u00fcldhariduskoolides praktilisi geograafilisi teematunde. Koolik\u00fclastuste k\u00e4igus j\u00f5utakse ligi kolmek\u00fcmnesse kooli. Esimeses j\u00e4rjekorras saavad v\u00f5imaluse geograafiatudengeid v\u00f5\u00f5rustada koolid, kuhu 2016. aastal projekti raames ei j\u00f5utud.<\/p><p style=\"box-sizing: inherit; margin-bottom: 1.5em; color: #333333; font-family: 'Libre Franklin', 'Helvetica Neue', helvetica, arial, sans-serif; font-size: 16px; font-style: normal; font-weight: 400;\">Ka t\u00e4navu on \u00f5pilastel v\u00f5imalik astuda planeerija kingadesse, ent sel korral t\u00f6\u00f6tatakse v\u00e4lja Tartu Kesklinnale uusi transpordilahendusi.\u00a0GPS teematunnis tutvustatakse selle t\u00f6\u00f6tamise p\u00f5him\u00f5tet\u00a0ja rakendusv\u00f5imalusi. Loodusgeograafiatunnis avaneb\u00a0\u00f5pilastele v\u00f5imalus l\u00e4bi viia ilmavaatlust. GIS teematund teeb sissejuhatuse kartograafiasse ja nutitelefonide teematunnis tutvutakse asukohap\u00f5histe rakendustega.<\/p><p style=\"box-sizing: inherit; margin-bottom: 1.5em; color: #333333; font-family: 'Libre Franklin', 'Helvetica Neue', helvetica, arial, sans-serif; font-size: 16px; font-style: normal; font-weight: 400;\">K\u00f5iki teematunde saadab esmalt teoreetiline sissejuhatus ning seej\u00e4rel praktiline \u00fclesanne. Koolik\u00fclastused toimuvad sooviavalduste alusel ning tundide l\u00e4biviimine on kooli jaoks tasuta. Projektimeeskond koosneb \u00fcheteistk\u00fcmnest geograafia osakonna kasvandikust, keda \u00fchendab lisaks huvile geograafia vastu ka noorgeograafide tudengiorganisatsioon \u2013 EGEA-Tartu.<\/p><p style=\"box-sizing: inherit; margin-bottom: 1.5em; color: #333333; font-family: 'Libre Franklin', 'Helvetica Neue', helvetica, arial, sans-serif; font-size: 16px; font-style: normal; font-weight: 400;\">Projekti raames viidi 2017. a. l\u00e4bi\u00a0<span style=\"box-sizing: inherit; font-weight: bold;\">109 teematundi<\/span>\u00a0teadusliku geograafia tutvustamiseks ja seda\u00a0<span style=\"box-sizing: inherit; font-weight: bold;\">kokku 31 \u00fcldhariduskoolis.\u00a0<\/span>T\u00e4nu\u00a0<span style=\"box-sizing: inherit; font-weight: bold;\">Eesti Teadusagentuuri ja Eesti Haridus- ja Teadusministeeriumi teaduse populariseerimise projektikonkursilt\u00a0<\/span>saadud toetusele sai Lahedast geograafiatunnist osa umbes\u00a0<span style=\"box-sizing: inherit; font-weight: bold;\">1950 \u00f5pilast<\/span>!<\/p>\t\t\t\t\t\t<\/div>\n\t\t\t\t<\/div>\n\t\t\t\t\t<\/div>\n\t\t<\/div>\n\t\t\t\t\t<\/div>\n\t\t<\/section>\n\t\t\t\t<section class=\"elementor-section elementor-top-section elementor-element elementor-element-2c4143b elementor-section-boxed elementor-section-height-default elementor-section-height-default\" data-id=\"2c4143b\" data-element_type=\"section\">\n\t\t\t\t\t\t<div class=\"elementor-container elementor-column-gap-default\">\n\t\t\t\t\t<div class=\"elementor-column elementor-col-100 elementor-top-column elementor-element elementor-element-7e73004\" data-id=\"7e73004\" data-element_type=\"column\">\n\t\t\t<div class=\"elementor-widget-wrap elementor-element-populated\">\n\t\t\t\t\t\t<div class=\"elementor-element elementor-element-bf5f3dd elementor-widget elementor-widget-spacer\" data-id=\"bf5f3dd\" data-element_type=\"widget\" data-widget_type=\"spacer.default\">\n\t\t\t\t<div class=\"elementor-widget-container\">\n\t\t\t\t\t<div class=\"elementor-spacer\">\n\t\t\t<div class=\"elementor-spacer-inner\"><\/div>\n\t\t<\/div>\n\t\t\t\t<\/div>\n\t\t\t\t<\/div>\n\t\t\t\t\t<\/div>\n\t\t<\/div>\n\t\t\t\t\t<\/div>\n\t\t<\/section>\n\t\t\t\t<\/div>\n\t\t","protected":false},"excerpt":{"rendered":"<p>Lahe geograafiatund 2017 &lt; Lahe geograafiatund Lahe geograafiatund 2017 Teist aastat j\u00e4rjest viivad Tartu \u00dclikooli geograafia osakonna \u00fcli\u00f5pilased Eesti Teadusagentuuri ja Haridus- ja Teadusministeeriumi toel l\u00e4bi siinsetes \u00fcldhariduskoolides praktilisi geograafilisi teematunde. Koolik\u00fclastuste k\u00e4igus j\u00f5utakse ligi kolmek\u00fcmnesse kooli. Esimeses j\u00e4rjekorras saavad v\u00f5imaluse geograafiatudengeid v\u00f5\u00f5rustada koolid, kuhu 2016. aastal projekti raames ei j\u00f5utud. Ka t\u00e4navu on \u00f5pilastel [&hellip;]<\/p>\n","protected":false},"author":2,"featured_media":3628,"parent":0,"menu_order":0,"comment_status":"closed","ping_status":"closed","template":"","meta":{"site-sidebar-layout":"no-sidebar","site-content-layout":"page-builder","ast-site-content-layout":"","site-content-style":"default","site-sidebar-style":"default","ast-global-header-display":"","ast-banner-title-visibility":"","ast-main-header-display":"","ast-hfb-above-header-display":"","ast-hfb-below-header-display":"","ast-hfb-mobile-header-display":"","site-post-title":"disabled","ast-breadcrumbs-content":"","ast-featured-img":"disabled","footer-sml-layout":"","theme-transparent-header-meta":"default","adv-header-id-meta":"","stick-header-meta":"","header-above-stick-meta":"","header-main-stick-meta":"","header-below-stick-meta":"","astra-migrate-meta-layouts":"default","ast-page-background-enabled":"default","ast-page-background-meta":{"desktop":{"background-color":"var(--ast-global-color-4)","background-image":"","background-repeat":"repeat","background-position":"center center","background-size":"auto","background-attachment":"scroll","background-type":"","background-media":"","overlay-type":"","overlay-color":"","overlay-opacity":"","overlay-gradient":""},"tablet":{"background-color":"","background-image":"","background-repeat":"repeat","background-position":"center center","background-size":"auto","background-attachment":"scroll","background-type":"","background-media":"","overlay-type":"","overlay-color":"","overlay-opacity":"","overlay-gradient":""},"mobile":{"background-color":"","background-image":"","background-repeat":"repeat","background-position":"center center","background-size":"auto","background-attachment":"scroll","background-type":"","background-media":"","overlay-type":"","overlay-color":"","overlay-opacity":"","overlay-gradient":""}},"ast-content-background-meta":{"desktop":{"background-color":"var(--ast-global-color-5)","background-image":"","background-repeat":"repeat","background-position":"center center","background-size":"auto","background-attachment":"scroll","background-type":"","background-media":"","overlay-type":"","overlay-color":"","overlay-opacity":"","overlay-gradient":""},"tablet":{"background-color":"var(--ast-global-color-5)","background-image":"","background-repeat":"repeat","background-position":"center center","background-size":"auto","background-attachment":"scroll","background-type":"","background-media":"","overlay-type":"","overlay-color":"","overlay-opacity":"","overlay-gradient":""},"mobile":{"background-color":"var(--ast-global-color-5)","background-image":"","background-repeat":"repeat","background-position":"center center","background-size":"auto","background-attachment":"scroll","background-type":"","background-media":"","overlay-type":"","overlay-color":"","overlay-opacity":"","overlay-gradient":""}},"footnotes":""},"class_list":["post-442","page","type-page","status-publish","has-post-thumbnail","hentry"],"_links":{"self":[{"href":"https:\/\/egea.ee\/wordpress\/wp-json\/wp\/v2\/pages\/442","targetHints":{"allow":["GET"]}}],"collection":[{"href":"https:\/\/egea.ee\/wordpress\/wp-json\/wp\/v2\/pages"}],"about":[{"href":"https:\/\/egea.ee\/wordpress\/wp-json\/wp\/v2\/types\/page"}],"author":[{"embeddable":true,"href":"https:\/\/egea.ee\/wordpress\/wp-json\/wp\/v2\/users\/2"}],"replies":[{"embeddable":true,"href":"https:\/\/egea.ee\/wordpress\/wp-json\/wp\/v2\/comments?post=442"}],"version-history":[{"count":10,"href":"https:\/\/egea.ee\/wordpress\/wp-json\/wp\/v2\/pages\/442\/revisions"}],"predecessor-version":[{"id":4010,"href":"https:\/\/egea.ee\/wordpress\/wp-json\/wp\/v2\/pages\/442\/revisions\/4010"}],"wp:featuredmedia":[{"embeddable":true,"href":"https:\/\/egea.ee\/wordpress\/wp-json\/wp\/v2\/media\/3628"}],"wp:attachment":[{"href":"https:\/\/egea.ee\/wordpress\/wp-json\/wp\/v2\/media?parent=442"}],"curies":[{"name":"wp","href":"https:\/\/api.w.org\/{rel}","templated":true}]}}