{"id":487,"date":"2023-05-22T13:04:47","date_gmt":"2023-05-22T13:04:47","guid":{"rendered":"https:\/\/egea.ee\/wordpress\/?page_id=487"},"modified":"2023-07-28T15:36:25","modified_gmt":"2023-07-28T12:36:25","slug":"geograafianadal-2019","status":"publish","type":"page","link":"https:\/\/egea.ee\/wordpress\/geograafianadal-2019\/","title":{"rendered":"Geograafian\u00e4dal 2019"},"content":{"rendered":"\t\t<div data-elementor-type=\"wp-page\" data-elementor-id=\"487\" class=\"elementor elementor-487\" data-elementor-post-type=\"page\">\n\t\t\t\t\t\t<section class=\"elementor-section elementor-top-section elementor-element elementor-element-5e333d1 elementor-hidden-desktop elementor-hidden-tablet elementor-section-boxed elementor-section-height-default elementor-section-height-default\" data-id=\"5e333d1\" data-element_type=\"section\" data-settings=\"{&quot;background_background&quot;:&quot;classic&quot;}\">\n\t\t\t\t\t\t<div class=\"elementor-container elementor-column-gap-default\">\n\t\t\t\t\t<div class=\"elementor-column elementor-col-100 elementor-top-column elementor-element elementor-element-98839c6\" data-id=\"98839c6\" data-element_type=\"column\">\n\t\t\t<div class=\"elementor-widget-wrap elementor-element-populated\">\n\t\t\t\t\t\t<div class=\"elementor-element elementor-element-ea5c485 elementor-widget elementor-widget-heading\" data-id=\"ea5c485\" data-element_type=\"widget\" data-widget_type=\"heading.default\">\n\t\t\t\t<div class=\"elementor-widget-container\">\n\t\t\t<style>\/*! elementor - v3.23.0 - 05-08-2024 *\/\n.elementor-heading-title{padding:0;margin:0;line-height:1}.elementor-widget-heading .elementor-heading-title[class*=elementor-size-]>a{color:inherit;font-size:inherit;line-height:inherit}.elementor-widget-heading .elementor-heading-title.elementor-size-small{font-size:15px}.elementor-widget-heading .elementor-heading-title.elementor-size-medium{font-size:19px}.elementor-widget-heading .elementor-heading-title.elementor-size-large{font-size:29px}.elementor-widget-heading .elementor-heading-title.elementor-size-xl{font-size:39px}.elementor-widget-heading .elementor-heading-title.elementor-size-xxl{font-size:59px}<\/style><h3 class=\"elementor-heading-title elementor-size-default\">Geograafian\u00e4dal 2019<\/h3>\t\t<\/div>\n\t\t\t\t<\/div>\n\t\t\t\t\t<\/div>\n\t\t<\/div>\n\t\t\t\t\t<\/div>\n\t\t<\/section>\n\t\t\t\t<section class=\"elementor-section elementor-top-section elementor-element elementor-element-da43a95 elementor-hidden-mobile elementor-section-boxed elementor-section-height-default elementor-section-height-default\" data-id=\"da43a95\" data-element_type=\"section\" data-settings=\"{&quot;background_background&quot;:&quot;classic&quot;}\">\n\t\t\t\t\t\t<div class=\"elementor-container elementor-column-gap-default\">\n\t\t\t\t\t<div class=\"elementor-column elementor-col-33 elementor-top-column elementor-element elementor-element-d85284d\" data-id=\"d85284d\" data-element_type=\"column\">\n\t\t\t<div class=\"elementor-widget-wrap elementor-element-populated\">\n\t\t\t\t\t\t<div class=\"elementor-element elementor-element-8194dd0 elementor-absolute elementor-widget elementor-widget-text-editor\" data-id=\"8194dd0\" data-element_type=\"widget\" data-settings=\"{&quot;_position&quot;:&quot;absolute&quot;}\" data-widget_type=\"text-editor.default\">\n\t\t\t\t<div class=\"elementor-widget-container\">\n\t\t\t<style>\/*! elementor - v3.23.0 - 05-08-2024 *\/\n.elementor-widget-text-editor.elementor-drop-cap-view-stacked .elementor-drop-cap{background-color:#69727d;color:#fff}.elementor-widget-text-editor.elementor-drop-cap-view-framed .elementor-drop-cap{color:#69727d;border:3px solid;background-color:transparent}.elementor-widget-text-editor:not(.elementor-drop-cap-view-default) .elementor-drop-cap{margin-top:8px}.elementor-widget-text-editor:not(.elementor-drop-cap-view-default) .elementor-drop-cap-letter{width:1em;height:1em}.elementor-widget-text-editor .elementor-drop-cap{float:left;text-align:center;line-height:1;font-size:50px}.elementor-widget-text-editor .elementor-drop-cap-letter{display:inline-block}<\/style>\t\t\t\t<h5 class=\"elementor-heading-title elementor-size-medium\"><a href=\"https:\/\/egea.ee\/wordpress\/wordpress\/meie-tegevused\/geograafianadal\/\"><span style=\"color: #ffffff;\">&lt; Geograafian\u00e4dal<\/span><\/a><\/h5>\t\t\t\t\t\t<\/div>\n\t\t\t\t<\/div>\n\t\t\t\t\t<\/div>\n\t\t<\/div>\n\t\t\t\t<div class=\"elementor-column elementor-col-33 elementor-top-column elementor-element elementor-element-6e3fbc6\" data-id=\"6e3fbc6\" data-element_type=\"column\">\n\t\t\t<div class=\"elementor-widget-wrap elementor-element-populated\">\n\t\t\t\t\t\t<div class=\"elementor-element elementor-element-c4fab05 elementor-widget elementor-widget-heading\" data-id=\"c4fab05\" data-element_type=\"widget\" data-widget_type=\"heading.default\">\n\t\t\t\t<div class=\"elementor-widget-container\">\n\t\t\t<h3 class=\"elementor-heading-title elementor-size-default\">Geograafian\u00e4dal 2019<\/h3>\t\t<\/div>\n\t\t\t\t<\/div>\n\t\t\t\t\t<\/div>\n\t\t<\/div>\n\t\t\t\t<div class=\"elementor-column elementor-col-33 elementor-top-column elementor-element elementor-element-85647a5\" data-id=\"85647a5\" data-element_type=\"column\">\n\t\t\t<div class=\"elementor-widget-wrap\">\n\t\t\t\t\t\t\t<\/div>\n\t\t<\/div>\n\t\t\t\t\t<\/div>\n\t\t<\/section>\n\t\t\t\t<section class=\"elementor-section elementor-top-section elementor-element elementor-element-711a3ac elementor-section-boxed elementor-section-height-default elementor-section-height-default\" data-id=\"711a3ac\" data-element_type=\"section\">\n\t\t\t\t\t\t<div class=\"elementor-container elementor-column-gap-default\">\n\t\t\t\t\t<div class=\"elementor-column elementor-col-100 elementor-top-column elementor-element elementor-element-9faa910\" data-id=\"9faa910\" data-element_type=\"column\">\n\t\t\t<div class=\"elementor-widget-wrap elementor-element-populated\">\n\t\t\t\t\t\t<div class=\"elementor-element elementor-element-3a9b7d8 elementor-widget elementor-widget-spacer\" data-id=\"3a9b7d8\" data-element_type=\"widget\" data-widget_type=\"spacer.default\">\n\t\t\t\t<div class=\"elementor-widget-container\">\n\t\t\t<style>\/*! elementor - v3.23.0 - 05-08-2024 *\/\n.elementor-column .elementor-spacer-inner{height:var(--spacer-size)}.e-con{--container-widget-width:100%}.e-con-inner>.elementor-widget-spacer,.e-con>.elementor-widget-spacer{width:var(--container-widget-width,var(--spacer-size));--align-self:var(--container-widget-align-self,initial);--flex-shrink:0}.e-con-inner>.elementor-widget-spacer>.elementor-widget-container,.e-con>.elementor-widget-spacer>.elementor-widget-container{height:100%;width:100%}.e-con-inner>.elementor-widget-spacer>.elementor-widget-container>.elementor-spacer,.e-con>.elementor-widget-spacer>.elementor-widget-container>.elementor-spacer{height:100%}.e-con-inner>.elementor-widget-spacer>.elementor-widget-container>.elementor-spacer>.elementor-spacer-inner,.e-con>.elementor-widget-spacer>.elementor-widget-container>.elementor-spacer>.elementor-spacer-inner{height:var(--container-widget-height,var(--spacer-size))}.e-con-inner>.elementor-widget-spacer.elementor-widget-empty,.e-con>.elementor-widget-spacer.elementor-widget-empty{position:relative;min-height:22px;min-width:22px}.e-con-inner>.elementor-widget-spacer.elementor-widget-empty .elementor-widget-empty-icon,.e-con>.elementor-widget-spacer.elementor-widget-empty .elementor-widget-empty-icon{position:absolute;top:0;bottom:0;left:0;right:0;margin:auto;padding:0;width:22px;height:22px}<\/style>\t\t<div class=\"elementor-spacer\">\n\t\t\t<div class=\"elementor-spacer-inner\"><\/div>\n\t\t<\/div>\n\t\t\t\t<\/div>\n\t\t\t\t<\/div>\n\t\t\t\t\t<\/div>\n\t\t<\/div>\n\t\t\t\t\t<\/div>\n\t\t<\/section>\n\t\t\t\t<section class=\"elementor-section elementor-top-section elementor-element elementor-element-2ce9c2f elementor-section-boxed elementor-section-height-default elementor-section-height-default\" data-id=\"2ce9c2f\" data-element_type=\"section\">\n\t\t\t\t\t\t<div class=\"elementor-container elementor-column-gap-default\">\n\t\t\t\t\t<div class=\"elementor-column elementor-col-100 elementor-top-column elementor-element elementor-element-de5b0d8\" data-id=\"de5b0d8\" data-element_type=\"column\">\n\t\t\t<div class=\"elementor-widget-wrap elementor-element-populated\">\n\t\t\t\t\t\t<div class=\"elementor-element elementor-element-a824f7e elementor-widget elementor-widget-text-editor\" data-id=\"a824f7e\" data-element_type=\"widget\" data-widget_type=\"text-editor.default\">\n\t\t\t\t<div class=\"elementor-widget-container\">\n\t\t\t\t\t\t\t<p>Veebiviktoriin on selleks aastaks l\u00f5ppenud. K\u00f5ige paremini vastasid:<\/p><h6>P\u00f5hikooli 6 parimat<\/h6><p>I koht:\u00a0<strong>Berit \u00dcletoa<\/strong><br \/>2.-6. kohta j\u00e4id jagama:<br \/><strong>Kertu Katriin Kotkas<\/strong><br \/><strong>Kerttu Rootsi\u00a0<\/strong><br \/><strong>Liisa Tafenau\u00a0<\/strong><br \/><strong>Triinu Liisa Lota Umal\u00a0<\/strong><br \/><strong>Regina Univer<\/strong><\/p><h6>G\u00fcmnaasium<\/h6><p>I koht:\u00a0<strong>Linda Kuusik\u00a0<\/strong><br \/>2.-3. koht:\u00a0<strong>Liis Isabel Geherman<\/strong>\u00a0ja\u00a0<strong>Heigo Soidla\u00a0<\/strong><\/p><h5><b>K\u00fcsimused koos \u00f5igete vastustega on toodud all:<\/b><\/h5><h5><b>Loodusgeograafia<\/b><\/h5><h6><u style=\"font-weight: normal;\">K\u00fcsimus p\u00f5hikooli- ja g\u00fcmnaasiumi\u00f5pilastele:<\/u><\/h6><p><strong>Miks ei saa Richteri skaalat kasutada maav\u00e4rinate laastavuse kirjeldamiseks?\u00a0<\/strong>Richteri skaala abil saab hinnata maav\u00e4rina v\u00f5imsust. Maav\u00e4rina amplituud kasvab magnituudi suurenemisel \u00fche \u00fchiku v\u00f5rra k\u00fcmme korda \u2013 maav\u00e4rin magnituudiga 7 on 10 korda tugevam 6-se magnituudiga ja 100 korda tugevam 5-se magnituudiga maav\u00e4rinast. Maav\u00e4rina laastavust (v\u00f5i kahjustuste rohkust) sellega siiski hinnata ei saa, sest see s\u00f5ltub ka maav\u00e4rina asukohast. Nii toob v\u00e4ga tugev, kuid igasugusest asustusest kauge maav\u00e4rin kaasa oluliselt v\u00e4hem kahjustusi kui n\u00f5rgem, aga see-eest vahetult linna all toimunud maav\u00e4rin.<\/p><h6><u style=\"font-weight: normal;\">K\u00fcsimus ainult g\u00fcmnaasiumile:<\/u><\/h6><p>Valdav osa vulkaanidest asub laamade p\u00f5rkumiskohtades.\u00a0<strong>Kuidas nimetatakse vulkaane, mis asuvad keset laamasid? Kuidas on see seotud suurima lennuliikluse t\u00f5rkega p\u00e4rast Teist maailmas\u00f5da?<\/strong><br \/>Laamasiseseseid vulkaanilisi piirkondi nimetatakse kuuma t\u00e4pi vulkaanideks. Kuigi see, kuidas nad tekivad, pole siiamaani p\u00e4ris selge, on levinuim arvamus, et nad saavad alguse vahev\u00f6\u00f6st \u2013 tekivad k\u00f5rge temperatuuriga pluumid, kust magma liigub maakoore alla. Kuulsamateks kuuma t\u00e4pi vulkaanideks on v\u00f5ib pidada Havaid ja Islandit. Neist viimane asub lisaks ka laamade p\u00f5rkumiskohal ja on seotud meie k\u00fcsimusega. Nimelt seiskas just Islandil paiknev Eyjafjallaj\u00f6kulli vulkaan 2010. aasta aprillis Euroopas n\u00e4dalaks lennuliikluse.<\/p><h5><b>Inimgeograafia<\/b><\/h5><h6><u style=\"font-weight: normal;\">K\u00fcsimus p\u00f5hikooli- ja g\u00fcmnaasiumi\u00f5pilastele:<\/u><\/h6><p>Jaan elab koos oma perega L\u00f5una-Eestis P\u00f5lvas. T\u00f6\u00f6koht on Jaanil aga Tartus, tal tuleb seal t\u00f6\u00f6p\u00e4eviti hommikust \u00f5htuni kohal olla, mist\u00f5ttu l\u00e4bib ta Tartu-P\u00f5lva vahemaad igal t\u00f6\u00f6p\u00e4eval 2 korda.<strong>\u00a0Kas Jaani tegevus on ka r\u00e4nne; kui jah, siis kuidas seda protsessi nimetatakse?<br \/><\/strong>Jah, ka Jaani tegevust saab nimetada r\u00e4ndeks, t\u00e4psemalt on tegemist pendelr\u00e4ndega. Pendelr\u00e4nne on regulaarne liikumine \u00fchest kohast teise t\u00f6\u00f6, hariduse v\u00f5i m\u00f5nel muul eesm\u00e4rgil. K\u00f5ige aktiivsem pendelr\u00e4nne toimub suurte linnade ja nende l\u00e4hi\u00fcmbruse vahel.<\/p><h6><span style=\"font-weight: normal;\"><u>K\u00fcsimus ainult g\u00fcmnaasiumile:<\/u><\/span><\/h6><p>V\u00e4lismaale minek ei t\u00e4henda enamasti, et kodumaa t\u00e4ielikult unustatakse. Paljudel j\u00e4\u00e4vad sinna pere ja s\u00f5brad, kellega edasi suheldakse ja ilmselt ollakse v\u00e4hemalt m\u00f5nda aega kursis ka koduriigi uudistega. Veel enam, v\u00e4ljar\u00e4nnanud inimesed v\u00f5ivad oluliselt parandada oma koduriigi (riik millest lahkuti) majandust l\u00e4bi \u00fche kindla tegevuse. Olgu \u00f6eldud, et see tegevus ei t\u00e4henda harituma v\u00f5i j\u00f5ukamana koju tagasi minemist ja seal t\u00f6\u00f6le asumist, vaid toimub r\u00e4ndaja \u00e4raoleku ajal.<br \/><strong>Kuidas seda tegevust nimetatakse ja kirjeldage seda l\u00fchidalt.<br \/><\/strong>Tegevust nimetatakse rahasiirdeks (ingl. k remittance). See v\u00e4ljendub selles, et v\u00e4lismaal t\u00f6\u00f6tajad saadavad osa oma teenitud rahast v\u00e4lismaalt koju. Selle kasutamine kodumaal elavdab kohalikku majandust. Suurimad summad liiguvad madala v\u00f5i keskmise arengutasemega riikidesse. Maailmapank ennustas 2019. aasta l\u00f5puks saadetavaks kogusummaks 551 miljardit USA dollarit. Rahaliselt liigub enim Indiasse (82,2 miljardit), kui arvestada ka sihtriigi sisemajanduse kogutoodangut (SKT), siis saab enim raha Vaikses ookeanis asuv Tonga. Tongasse liikuv raha moodustab 38,5% Tonga SKT-st.<\/p><h5><strong>Geoinformaatika ja kartograafia<\/strong><\/h5><h6><u style=\"font-weight: normal;\">K\u00fcsimus p\u00f5hikooli- ja g\u00fcmnaasiumi\u00f5pilastele:<\/u><span style=\"font-weight: normal;\">\u00a0\u00a0<\/span><strong style=\"font-style: inherit; color: var( --e-global-color-text ); font-family: var( --e-global-typography-text-font-family ), Sans-serif; background-color: var(--ast-global-color-5);\">mis on pildil ja milleks seda kasutatakse?<\/strong><\/h6>\t\t\t\t\t\t<\/div>\n\t\t\t\t<\/div>\n\t\t\t\t<div class=\"elementor-element elementor-element-622cab7 elementor-widget elementor-widget-image\" data-id=\"622cab7\" data-element_type=\"widget\" data-widget_type=\"image.default\">\n\t\t\t\t<div class=\"elementor-widget-container\">\n\t\t\t<style>\/*! elementor - v3.23.0 - 05-08-2024 *\/\n.elementor-widget-image{text-align:center}.elementor-widget-image a{display:inline-block}.elementor-widget-image a img[src$=\".svg\"]{width:48px}.elementor-widget-image img{vertical-align:middle;display:inline-block}<\/style>\t\t\t\t\t\t\t\t\t\t<img fetchpriority=\"high\" decoding=\"async\" width=\"300\" height=\"223\" src=\"https:\/\/egea.ee\/wordpress\/wp-content\/uploads\/2023\/07\/viktoriin-300x223.png\" class=\"attachment-medium size-medium wp-image-3804\" alt=\"\" srcset=\"https:\/\/egea.ee\/wordpress\/wp-content\/uploads\/2023\/07\/viktoriin-300x223.png 300w, https:\/\/egea.ee\/wordpress\/wp-content\/uploads\/2023\/07\/viktoriin-768x571.png 768w, https:\/\/egea.ee\/wordpress\/wp-content\/uploads\/2023\/07\/viktoriin.png 897w\" sizes=\"(max-width: 300px) 100vw, 300px\" \/>\t\t\t\t\t\t\t\t\t\t\t\t\t<\/div>\n\t\t\t\t<\/div>\n\t\t\t\t\t<\/div>\n\t\t<\/div>\n\t\t\t\t\t<\/div>\n\t\t<\/section>\n\t\t\t\t<section class=\"elementor-section elementor-top-section elementor-element elementor-element-09701e6 elementor-section-boxed elementor-section-height-default elementor-section-height-default\" data-id=\"09701e6\" data-element_type=\"section\">\n\t\t\t\t\t\t<div class=\"elementor-container elementor-column-gap-default\">\n\t\t\t\t\t<div class=\"elementor-column elementor-col-100 elementor-top-column elementor-element elementor-element-47dcdf5\" data-id=\"47dcdf5\" data-element_type=\"column\">\n\t\t\t<div class=\"elementor-widget-wrap elementor-element-populated\">\n\t\t\t\t\t\t<div class=\"elementor-element elementor-element-0400f6f elementor-widget elementor-widget-text-editor\" data-id=\"0400f6f\" data-element_type=\"widget\" data-widget_type=\"text-editor.default\">\n\t\t\t\t<div class=\"elementor-widget-container\">\n\t\t\t\t\t\t\t<p style=\"font-size: 16px; font-style: normal; font-weight: 400;\">Pildil on geodeetiline punkt. Taolised punktid moodustavad \u00fcle-eestilise v\u00f5rgu ja omavad asukohainfot (koordinaate ja k\u00f5rgust). Neid kasutatakse l\u00e4hte- ja kontrollpunktidena m\u00f5\u00f5distust\u00f6id tehes. See h\u00f5lbustab n\u00e4iteks topograafiliste kaartide loomist ja kinnistu piiride m\u00e4\u00e4ramist.<\/p><h6 style=\"font-style: normal;\"><span style=\"font-weight: normal;\"><u>K\u00fcsimus ainult g\u00fcmnaasiumile:<\/u>\u00a0<\/span><span style=\"font-style: inherit; color: var( --e-global-color-text ); font-family: var( --e-global-typography-text-font-family ), Sans-serif; background-color: var(--ast-global-color-5);\">milliseid maastikurajoone l\u00e4bib Struve meridiaan?\u00a0<\/span><span style=\"font-style: inherit; color: var( --e-global-color-text ); font-family: var( --e-global-typography-text-font-family ), Sans-serif; background-color: var(--ast-global-color-5); font-weight: normal;\">\u00dclesande lahendamiseks tuli v\u00f5rrelda kaht kaarti \u2013 Struve meridiaani ja maastikurajoonide oma. Arold on jaotanud Eesti kahek\u00fcmne viieks suurvormiks, millest Struve meridiaan l\u00e4bib koguni kahtteistk\u00fcmmet: Soome lahe rannikumadalikku, Viru lavamaad, Pandivere k\u00f5rgustikku, Alutaguse madalikku, Kesk-Eesti lavatasandikku, Vooremaad, V\u00f5rtsj\u00e4rve madalikku, Sakala k\u00f5rgustikku, Ugandi lavamaad, Otep\u00e4\u00e4 k\u00f5rgustikku, Valga ja V\u00f5ru-Hargla\u00a0<\/span><span style=\"font-weight: normal;\"><span style=\"font-style: inherit; color: var( --e-global-color-text ); font-family: var( --e-global-typography-text-font-family ), Sans-serif; background-color: var(--ast-global-color-5);\">n<\/span><span style=\"font-style: inherit; color: var( --e-global-color-text ); font-family: var( --e-global-typography-text-font-family ), Sans-serif; background-color: var(--ast-global-color-5);\">\u00f5gu.<\/span><\/span><\/h6>\t\t\t\t\t\t<\/div>\n\t\t\t\t<\/div>\n\t\t\t\t\t<\/div>\n\t\t<\/div>\n\t\t\t\t\t<\/div>\n\t\t<\/section>\n\t\t\t\t<section class=\"elementor-section elementor-top-section elementor-element elementor-element-3f86186 elementor-section-boxed elementor-section-height-default elementor-section-height-default\" data-id=\"3f86186\" data-element_type=\"section\">\n\t\t\t\t\t\t<div class=\"elementor-container elementor-column-gap-default\">\n\t\t\t\t\t<div class=\"elementor-column elementor-col-100 elementor-top-column elementor-element elementor-element-99cbe53\" data-id=\"99cbe53\" data-element_type=\"column\">\n\t\t\t<div class=\"elementor-widget-wrap elementor-element-populated\">\n\t\t\t\t\t\t<div class=\"elementor-element elementor-element-f9d35a1 elementor-widget elementor-widget-spacer\" data-id=\"f9d35a1\" data-element_type=\"widget\" data-widget_type=\"spacer.default\">\n\t\t\t\t<div class=\"elementor-widget-container\">\n\t\t\t\t\t<div class=\"elementor-spacer\">\n\t\t\t<div class=\"elementor-spacer-inner\"><\/div>\n\t\t<\/div>\n\t\t\t\t<\/div>\n\t\t\t\t<\/div>\n\t\t\t\t\t<\/div>\n\t\t<\/div>\n\t\t\t\t\t<\/div>\n\t\t<\/section>\n\t\t\t\t<\/div>\n\t\t","protected":false},"excerpt":{"rendered":"<p>Geograafian\u00e4dal 2019 &lt; Geograafian\u00e4dal Geograafian\u00e4dal 2019 Veebiviktoriin on selleks aastaks l\u00f5ppenud. K\u00f5ige paremini vastasid: P\u00f5hikooli 6 parimat I koht:\u00a0Berit \u00dcletoa2.-6. kohta j\u00e4id jagama:Kertu Katriin KotkasKerttu Rootsi\u00a0Liisa Tafenau\u00a0Triinu Liisa Lota Umal\u00a0Regina Univer G\u00fcmnaasium I koht:\u00a0Linda Kuusik\u00a02.-3. koht:\u00a0Liis Isabel Geherman\u00a0ja\u00a0Heigo Soidla\u00a0 K\u00fcsimused koos \u00f5igete vastustega on toodud all: Loodusgeograafia K\u00fcsimus p\u00f5hikooli- ja g\u00fcmnaasiumi\u00f5pilastele: Miks ei saa Richteri [&hellip;]<\/p>\n","protected":false},"author":2,"featured_media":1026,"parent":0,"menu_order":0,"comment_status":"closed","ping_status":"closed","template":"","meta":{"site-sidebar-layout":"no-sidebar","site-content-layout":"page-builder","ast-site-content-layout":"","site-content-style":"default","site-sidebar-style":"default","ast-global-header-display":"","ast-banner-title-visibility":"","ast-main-header-display":"","ast-hfb-above-header-display":"","ast-hfb-below-header-display":"","ast-hfb-mobile-header-display":"","site-post-title":"disabled","ast-breadcrumbs-content":"","ast-featured-img":"disabled","footer-sml-layout":"","theme-transparent-header-meta":"default","adv-header-id-meta":"","stick-header-meta":"","header-above-stick-meta":"","header-main-stick-meta":"","header-below-stick-meta":"","astra-migrate-meta-layouts":"default","ast-page-background-enabled":"default","ast-page-background-meta":{"desktop":{"background-color":"var(--ast-global-color-4)","background-image":"","background-repeat":"repeat","background-position":"center center","background-size":"auto","background-attachment":"scroll","background-type":"","background-media":"","overlay-type":"","overlay-color":"","overlay-opacity":"","overlay-gradient":""},"tablet":{"background-color":"","background-image":"","background-repeat":"repeat","background-position":"center center","background-size":"auto","background-attachment":"scroll","background-type":"","background-media":"","overlay-type":"","overlay-color":"","overlay-opacity":"","overlay-gradient":""},"mobile":{"background-color":"","background-image":"","background-repeat":"repeat","background-position":"center center","background-size":"auto","background-attachment":"scroll","background-type":"","background-media":"","overlay-type":"","overlay-color":"","overlay-opacity":"","overlay-gradient":""}},"ast-content-background-meta":{"desktop":{"background-color":"var(--ast-global-color-5)","background-image":"","background-repeat":"repeat","background-position":"center center","background-size":"auto","background-attachment":"scroll","background-type":"","background-media":"","overlay-type":"","overlay-color":"","overlay-opacity":"","overlay-gradient":""},"tablet":{"background-color":"var(--ast-global-color-5)","background-image":"","background-repeat":"repeat","background-position":"center center","background-size":"auto","background-attachment":"scroll","background-type":"","background-media":"","overlay-type":"","overlay-color":"","overlay-opacity":"","overlay-gradient":""},"mobile":{"background-color":"var(--ast-global-color-5)","background-image":"","background-repeat":"repeat","background-position":"center center","background-size":"auto","background-attachment":"scroll","background-type":"","background-media":"","overlay-type":"","overlay-color":"","overlay-opacity":"","overlay-gradient":""}},"footnotes":""},"class_list":["post-487","page","type-page","status-publish","has-post-thumbnail","hentry"],"_links":{"self":[{"href":"https:\/\/egea.ee\/wordpress\/wp-json\/wp\/v2\/pages\/487","targetHints":{"allow":["GET"]}}],"collection":[{"href":"https:\/\/egea.ee\/wordpress\/wp-json\/wp\/v2\/pages"}],"about":[{"href":"https:\/\/egea.ee\/wordpress\/wp-json\/wp\/v2\/types\/page"}],"author":[{"embeddable":true,"href":"https:\/\/egea.ee\/wordpress\/wp-json\/wp\/v2\/users\/2"}],"replies":[{"embeddable":true,"href":"https:\/\/egea.ee\/wordpress\/wp-json\/wp\/v2\/comments?post=487"}],"version-history":[{"count":18,"href":"https:\/\/egea.ee\/wordpress\/wp-json\/wp\/v2\/pages\/487\/revisions"}],"predecessor-version":[{"id":3956,"href":"https:\/\/egea.ee\/wordpress\/wp-json\/wp\/v2\/pages\/487\/revisions\/3956"}],"wp:featuredmedia":[{"embeddable":true,"href":"https:\/\/egea.ee\/wordpress\/wp-json\/wp\/v2\/media\/1026"}],"wp:attachment":[{"href":"https:\/\/egea.ee\/wordpress\/wp-json\/wp\/v2\/media?parent=487"}],"curies":[{"name":"wp","href":"https:\/\/api.w.org\/{rel}","templated":true}]}}