{"id":494,"date":"2023-05-22T13:02:48","date_gmt":"2023-05-22T13:02:48","guid":{"rendered":"https:\/\/egea.ee\/wordpress\/?page_id=494"},"modified":"2023-07-28T15:39:12","modified_gmt":"2023-07-28T12:39:12","slug":"geograafianadal-2016","status":"publish","type":"page","link":"https:\/\/egea.ee\/wordpress\/geograafianadal-2016\/","title":{"rendered":"Geograafian\u00e4dal 2016"},"content":{"rendered":"\t\t<div data-elementor-type=\"wp-page\" data-elementor-id=\"494\" class=\"elementor elementor-494\" data-elementor-post-type=\"page\">\n\t\t\t\t\t\t<section class=\"elementor-section elementor-top-section elementor-element elementor-element-14ec840 elementor-hidden-desktop elementor-hidden-tablet elementor-section-boxed elementor-section-height-default elementor-section-height-default\" data-id=\"14ec840\" data-element_type=\"section\" data-settings=\"{&quot;background_background&quot;:&quot;classic&quot;}\">\n\t\t\t\t\t\t<div class=\"elementor-container elementor-column-gap-default\">\n\t\t\t\t\t<div class=\"elementor-column elementor-col-100 elementor-top-column elementor-element elementor-element-3bd1537\" data-id=\"3bd1537\" data-element_type=\"column\">\n\t\t\t<div class=\"elementor-widget-wrap elementor-element-populated\">\n\t\t\t\t\t\t<div class=\"elementor-element elementor-element-3ae9242 elementor-widget elementor-widget-heading\" data-id=\"3ae9242\" data-element_type=\"widget\" data-widget_type=\"heading.default\">\n\t\t\t\t<div class=\"elementor-widget-container\">\n\t\t\t<style>\/*! elementor - v3.23.0 - 05-08-2024 *\/\n.elementor-heading-title{padding:0;margin:0;line-height:1}.elementor-widget-heading .elementor-heading-title[class*=elementor-size-]>a{color:inherit;font-size:inherit;line-height:inherit}.elementor-widget-heading .elementor-heading-title.elementor-size-small{font-size:15px}.elementor-widget-heading .elementor-heading-title.elementor-size-medium{font-size:19px}.elementor-widget-heading .elementor-heading-title.elementor-size-large{font-size:29px}.elementor-widget-heading .elementor-heading-title.elementor-size-xl{font-size:39px}.elementor-widget-heading .elementor-heading-title.elementor-size-xxl{font-size:59px}<\/style><h3 class=\"elementor-heading-title elementor-size-default\">Geograafian\u00e4dal 2016<\/h3>\t\t<\/div>\n\t\t\t\t<\/div>\n\t\t\t\t\t<\/div>\n\t\t<\/div>\n\t\t\t\t\t<\/div>\n\t\t<\/section>\n\t\t\t\t<section class=\"elementor-section elementor-top-section elementor-element elementor-element-bc2a85a elementor-hidden-mobile elementor-section-boxed elementor-section-height-default elementor-section-height-default\" data-id=\"bc2a85a\" data-element_type=\"section\" data-settings=\"{&quot;background_background&quot;:&quot;classic&quot;}\">\n\t\t\t\t\t\t<div class=\"elementor-container elementor-column-gap-default\">\n\t\t\t\t\t<div class=\"elementor-column elementor-col-33 elementor-top-column elementor-element elementor-element-afe3d64\" data-id=\"afe3d64\" data-element_type=\"column\">\n\t\t\t<div class=\"elementor-widget-wrap elementor-element-populated\">\n\t\t\t\t\t\t<div class=\"elementor-element elementor-element-aeb4cb7 elementor-absolute elementor-widget elementor-widget-text-editor\" data-id=\"aeb4cb7\" data-element_type=\"widget\" data-settings=\"{&quot;_position&quot;:&quot;absolute&quot;}\" data-widget_type=\"text-editor.default\">\n\t\t\t\t<div class=\"elementor-widget-container\">\n\t\t\t<style>\/*! elementor - v3.23.0 - 05-08-2024 *\/\n.elementor-widget-text-editor.elementor-drop-cap-view-stacked .elementor-drop-cap{background-color:#69727d;color:#fff}.elementor-widget-text-editor.elementor-drop-cap-view-framed .elementor-drop-cap{color:#69727d;border:3px solid;background-color:transparent}.elementor-widget-text-editor:not(.elementor-drop-cap-view-default) .elementor-drop-cap{margin-top:8px}.elementor-widget-text-editor:not(.elementor-drop-cap-view-default) .elementor-drop-cap-letter{width:1em;height:1em}.elementor-widget-text-editor .elementor-drop-cap{float:left;text-align:center;line-height:1;font-size:50px}.elementor-widget-text-editor .elementor-drop-cap-letter{display:inline-block}<\/style>\t\t\t\t<h5 class=\"elementor-heading-title elementor-size-medium\"><a href=\"https:\/\/egea.ee\/wordpress\/wordpress\/meie-tegevused\/geograafianadal\/\"><span style=\"color: #ffffff;\">&lt; Geograafian\u00e4dal<\/span><\/a><\/h5>\t\t\t\t\t\t<\/div>\n\t\t\t\t<\/div>\n\t\t\t\t\t<\/div>\n\t\t<\/div>\n\t\t\t\t<div class=\"elementor-column elementor-col-33 elementor-top-column elementor-element elementor-element-6b66aad\" data-id=\"6b66aad\" data-element_type=\"column\">\n\t\t\t<div class=\"elementor-widget-wrap elementor-element-populated\">\n\t\t\t\t\t\t<div class=\"elementor-element elementor-element-77e8276 elementor-widget elementor-widget-heading\" data-id=\"77e8276\" data-element_type=\"widget\" data-widget_type=\"heading.default\">\n\t\t\t\t<div class=\"elementor-widget-container\">\n\t\t\t<h3 class=\"elementor-heading-title elementor-size-default\">Geograafian\u00e4dal 2016<\/h3>\t\t<\/div>\n\t\t\t\t<\/div>\n\t\t\t\t\t<\/div>\n\t\t<\/div>\n\t\t\t\t<div class=\"elementor-column elementor-col-33 elementor-top-column elementor-element elementor-element-633beef\" data-id=\"633beef\" data-element_type=\"column\">\n\t\t\t<div class=\"elementor-widget-wrap\">\n\t\t\t\t\t\t\t<\/div>\n\t\t<\/div>\n\t\t\t\t\t<\/div>\n\t\t<\/section>\n\t\t\t\t<section class=\"elementor-section elementor-top-section elementor-element elementor-element-5afc21a elementor-section-boxed elementor-section-height-default elementor-section-height-default\" data-id=\"5afc21a\" data-element_type=\"section\">\n\t\t\t\t\t\t<div class=\"elementor-container elementor-column-gap-default\">\n\t\t\t\t\t<div class=\"elementor-column elementor-col-100 elementor-top-column elementor-element elementor-element-f687969\" data-id=\"f687969\" data-element_type=\"column\">\n\t\t\t<div class=\"elementor-widget-wrap elementor-element-populated\">\n\t\t\t\t\t\t<div class=\"elementor-element elementor-element-5944c7c elementor-widget elementor-widget-spacer\" data-id=\"5944c7c\" data-element_type=\"widget\" data-widget_type=\"spacer.default\">\n\t\t\t\t<div class=\"elementor-widget-container\">\n\t\t\t<style>\/*! elementor - v3.23.0 - 05-08-2024 *\/\n.elementor-column .elementor-spacer-inner{height:var(--spacer-size)}.e-con{--container-widget-width:100%}.e-con-inner>.elementor-widget-spacer,.e-con>.elementor-widget-spacer{width:var(--container-widget-width,var(--spacer-size));--align-self:var(--container-widget-align-self,initial);--flex-shrink:0}.e-con-inner>.elementor-widget-spacer>.elementor-widget-container,.e-con>.elementor-widget-spacer>.elementor-widget-container{height:100%;width:100%}.e-con-inner>.elementor-widget-spacer>.elementor-widget-container>.elementor-spacer,.e-con>.elementor-widget-spacer>.elementor-widget-container>.elementor-spacer{height:100%}.e-con-inner>.elementor-widget-spacer>.elementor-widget-container>.elementor-spacer>.elementor-spacer-inner,.e-con>.elementor-widget-spacer>.elementor-widget-container>.elementor-spacer>.elementor-spacer-inner{height:var(--container-widget-height,var(--spacer-size))}.e-con-inner>.elementor-widget-spacer.elementor-widget-empty,.e-con>.elementor-widget-spacer.elementor-widget-empty{position:relative;min-height:22px;min-width:22px}.e-con-inner>.elementor-widget-spacer.elementor-widget-empty .elementor-widget-empty-icon,.e-con>.elementor-widget-spacer.elementor-widget-empty .elementor-widget-empty-icon{position:absolute;top:0;bottom:0;left:0;right:0;margin:auto;padding:0;width:22px;height:22px}<\/style>\t\t<div class=\"elementor-spacer\">\n\t\t\t<div class=\"elementor-spacer-inner\"><\/div>\n\t\t<\/div>\n\t\t\t\t<\/div>\n\t\t\t\t<\/div>\n\t\t\t\t\t<\/div>\n\t\t<\/div>\n\t\t\t\t\t<\/div>\n\t\t<\/section>\n\t\t\t\t<section class=\"elementor-section elementor-top-section elementor-element elementor-element-24eb81d elementor-section-boxed elementor-section-height-default elementor-section-height-default\" data-id=\"24eb81d\" data-element_type=\"section\">\n\t\t\t\t\t\t<div class=\"elementor-container elementor-column-gap-default\">\n\t\t\t\t\t<div class=\"elementor-column elementor-col-100 elementor-top-column elementor-element elementor-element-bc4c1e4\" data-id=\"bc4c1e4\" data-element_type=\"column\">\n\t\t\t<div class=\"elementor-widget-wrap elementor-element-populated\">\n\t\t\t\t\t\t<div class=\"elementor-element elementor-element-196d5b0 elementor-widget elementor-widget-text-editor\" data-id=\"196d5b0\" data-element_type=\"widget\" data-widget_type=\"text-editor.default\">\n\t\t\t\t<div class=\"elementor-widget-container\">\n\t\t\t\t\t\t\t<p style=\"box-sizing: inherit; font-size: 16px; font-style: normal; font-weight: 400; margin-bottom: 1.5em; color: #333333; font-family: 'Libre Franklin', 'Helvetica Neue', helvetica, arial, sans-serif;\">Iga-aastane geograafia n\u00e4dal\u00a0<em style=\"box-sizing: inherit;\">(Geography Awareness Week)<\/em>\u00a0leiab 2016. aastal aset 14.-18. novembril. N\u00e4dala raames toimub ka \u00fclemaailmne GIS-p\u00e4ev \u2013 Eestis tol p\u00e4eval toimuvaga saab tutvuda aadressil\u00a0<a style=\"box-sizing: inherit; text-decoration-line: none; color: #222222; transition: color 80ms ease-in 0s, box-shadow 130ms ease-in-out 0s, -webkit-box-shadow 130ms ease-in-out 0s; box-shadow: #0f0f0f 0px -1px 0px inset;\" href=\"https:\/\/web.archive.org\/web\/20230127011958\/http:\/\/www.gispaev.ee\/\" target=\"_blank\" rel=\"noopener\">www.gispaev.ee<\/a>.<br style=\"box-sizing: inherit;\" \/>Tartus on kooli\u00f5pilastel v\u00f5imalik osa saada j\u00e4rgmistest s\u00fcndmustest:<\/p><p style=\"box-sizing: inherit; font-size: 16px; font-style: normal; font-weight: 400; margin-bottom: 1.5em; color: #333333; font-family: 'Libre Franklin', 'Helvetica Neue', helvetica, arial, sans-serif;\">Nii veebiviktoriin kui nutiorienteerumine on selleks korraks l\u00f5ppenud. V\u00f5itjad kuulutame v\u00e4lja uuel n\u00e4dalal.<\/p><p style=\"box-sizing: inherit; font-size: 16px; font-style: normal; font-weight: 400; margin-bottom: 1.5em; color: #333333; font-family: 'Libre Franklin', 'Helvetica Neue', helvetica, arial, sans-serif;\"><span style=\"box-sizing: inherit; font-size: 1.2em;\"><span style=\"box-sizing: inherit; font-weight: bold;\">Veebiviktoriin<br style=\"box-sizing: inherit;\" \/><\/span><\/span><a style=\"box-sizing: inherit; text-decoration-line: none; color: #222222; transition: color 80ms ease-in 0s, box-shadow 130ms ease-in-out 0s, -webkit-box-shadow 130ms ease-in-out 0s; box-shadow: #0f0f0f 0px -1px 0px inset;\" href=\"https:\/\/web.archive.org\/web\/20230127011958\/https:\/\/docs.google.com\/spreadsheets\/d\/1baLuVaHk3aDNk7CgCj6_j-TmFqDt8mkOzorBmcPhjp8\/edit?usp=sharing\" target=\"_blank\" rel=\"noopener\">Tulemuste tabel on leitav siit<\/a>.<br style=\"box-sizing: inherit;\" \/>Millised olid veebiviktoriini k\u00fcsimused ja \u00f5iged vastused?\u00a0<\/p><p style=\"box-sizing: inherit; font-size: 16px; font-style: normal; font-weight: 400; margin-bottom: 1.5em; color: #333333; font-family: 'Libre Franklin', 'Helvetica Neue', helvetica, arial, sans-serif;\"><strong><span style=\"box-sizing: inherit; font-size: 1.2em;\"><span style=\"box-sizing: inherit;\">Nutiorienteerumine<br style=\"box-sizing: inherit;\" \/><\/span><\/span><\/strong>Kokku osales nutiorienteerumisel 20 v\u00f5istkonda!\u00a0<\/p>\t\t\t\t\t\t<\/div>\n\t\t\t\t<\/div>\n\t\t\t\t\t<\/div>\n\t\t<\/div>\n\t\t\t\t\t<\/div>\n\t\t<\/section>\n\t\t\t\t<section class=\"elementor-section elementor-top-section elementor-element elementor-element-6ffcb58 elementor-section-boxed elementor-section-height-default elementor-section-height-default\" data-id=\"6ffcb58\" data-element_type=\"section\">\n\t\t\t\t\t\t<div class=\"elementor-container elementor-column-gap-default\">\n\t\t\t\t\t<div class=\"elementor-column elementor-col-100 elementor-top-column elementor-element elementor-element-9aec032\" data-id=\"9aec032\" data-element_type=\"column\">\n\t\t\t<div class=\"elementor-widget-wrap elementor-element-populated\">\n\t\t\t\t\t\t<div class=\"elementor-element elementor-element-42c7792 elementor-widget elementor-widget-spacer\" data-id=\"42c7792\" data-element_type=\"widget\" data-widget_type=\"spacer.default\">\n\t\t\t\t<div class=\"elementor-widget-container\">\n\t\t\t\t\t<div class=\"elementor-spacer\">\n\t\t\t<div class=\"elementor-spacer-inner\"><\/div>\n\t\t<\/div>\n\t\t\t\t<\/div>\n\t\t\t\t<\/div>\n\t\t\t\t\t<\/div>\n\t\t<\/div>\n\t\t\t\t\t<\/div>\n\t\t<\/section>\n\t\t\t\t<\/div>\n\t\t","protected":false},"excerpt":{"rendered":"<p>Geograafian\u00e4dal 2016 &lt; Geograafian\u00e4dal Geograafian\u00e4dal 2016 Iga-aastane geograafia n\u00e4dal\u00a0(Geography Awareness Week)\u00a0leiab 2016. aastal aset 14.-18. novembril. N\u00e4dala raames toimub ka \u00fclemaailmne GIS-p\u00e4ev \u2013 Eestis tol p\u00e4eval toimuvaga saab tutvuda aadressil\u00a0www.gispaev.ee.Tartus on kooli\u00f5pilastel v\u00f5imalik osa saada j\u00e4rgmistest s\u00fcndmustest: Nii veebiviktoriin kui nutiorienteerumine on selleks korraks l\u00f5ppenud. V\u00f5itjad kuulutame v\u00e4lja uuel n\u00e4dalal. VeebiviktoriinTulemuste tabel on leitav siit.Millised [&hellip;]<\/p>\n","protected":false},"author":2,"featured_media":1023,"parent":0,"menu_order":0,"comment_status":"closed","ping_status":"closed","template":"","meta":{"site-sidebar-layout":"no-sidebar","site-content-layout":"page-builder","ast-site-content-layout":"","site-content-style":"default","site-sidebar-style":"default","ast-global-header-display":"","ast-banner-title-visibility":"","ast-main-header-display":"","ast-hfb-above-header-display":"","ast-hfb-below-header-display":"","ast-hfb-mobile-header-display":"","site-post-title":"disabled","ast-breadcrumbs-content":"","ast-featured-img":"disabled","footer-sml-layout":"","theme-transparent-header-meta":"default","adv-header-id-meta":"","stick-header-meta":"","header-above-stick-meta":"","header-main-stick-meta":"","header-below-stick-meta":"","astra-migrate-meta-layouts":"default","ast-page-background-enabled":"default","ast-page-background-meta":{"desktop":{"background-color":"var(--ast-global-color-4)","background-image":"","background-repeat":"repeat","background-position":"center center","background-size":"auto","background-attachment":"scroll","background-type":"","background-media":"","overlay-type":"","overlay-color":"","overlay-opacity":"","overlay-gradient":""},"tablet":{"background-color":"","background-image":"","background-repeat":"repeat","background-position":"center center","background-size":"auto","background-attachment":"scroll","background-type":"","background-media":"","overlay-type":"","overlay-color":"","overlay-opacity":"","overlay-gradient":""},"mobile":{"background-color":"","background-image":"","background-repeat":"repeat","background-position":"center center","background-size":"auto","background-attachment":"scroll","background-type":"","background-media":"","overlay-type":"","overlay-color":"","overlay-opacity":"","overlay-gradient":""}},"ast-content-background-meta":{"desktop":{"background-color":"var(--ast-global-color-5)","background-image":"","background-repeat":"repeat","background-position":"center center","background-size":"auto","background-attachment":"scroll","background-type":"","background-media":"","overlay-type":"","overlay-color":"","overlay-opacity":"","overlay-gradient":""},"tablet":{"background-color":"var(--ast-global-color-5)","background-image":"","background-repeat":"repeat","background-position":"center center","background-size":"auto","background-attachment":"scroll","background-type":"","background-media":"","overlay-type":"","overlay-color":"","overlay-opacity":"","overlay-gradient":""},"mobile":{"background-color":"var(--ast-global-color-5)","background-image":"","background-repeat":"repeat","background-position":"center center","background-size":"auto","background-attachment":"scroll","background-type":"","background-media":"","overlay-type":"","overlay-color":"","overlay-opacity":"","overlay-gradient":""}},"footnotes":""},"class_list":["post-494","page","type-page","status-publish","has-post-thumbnail","hentry"],"_links":{"self":[{"href":"https:\/\/egea.ee\/wordpress\/wp-json\/wp\/v2\/pages\/494","targetHints":{"allow":["GET"]}}],"collection":[{"href":"https:\/\/egea.ee\/wordpress\/wp-json\/wp\/v2\/pages"}],"about":[{"href":"https:\/\/egea.ee\/wordpress\/wp-json\/wp\/v2\/types\/page"}],"author":[{"embeddable":true,"href":"https:\/\/egea.ee\/wordpress\/wp-json\/wp\/v2\/users\/2"}],"replies":[{"embeddable":true,"href":"https:\/\/egea.ee\/wordpress\/wp-json\/wp\/v2\/comments?post=494"}],"version-history":[{"count":15,"href":"https:\/\/egea.ee\/wordpress\/wp-json\/wp\/v2\/pages\/494\/revisions"}],"predecessor-version":[{"id":3965,"href":"https:\/\/egea.ee\/wordpress\/wp-json\/wp\/v2\/pages\/494\/revisions\/3965"}],"wp:featuredmedia":[{"embeddable":true,"href":"https:\/\/egea.ee\/wordpress\/wp-json\/wp\/v2\/media\/1023"}],"wp:attachment":[{"href":"https:\/\/egea.ee\/wordpress\/wp-json\/wp\/v2\/media?parent=494"}],"curies":[{"name":"wp","href":"https:\/\/api.w.org\/{rel}","templated":true}]}}